{"id":849,"date":"2025-09-06T09:46:50","date_gmt":"2025-09-06T09:46:50","guid":{"rendered":"https:\/\/foyovape.com\/?post_type=product&#038;p=849"},"modified":"2025-09-06T09:46:50","modified_gmt":"2025-09-06T09:46:50","slug":"ln2427-transparent-tank-refillable-vape-20ml-large-capacity-adjustable-5-30w-850mah-battery","status":"publish","type":"product","link":"https:\/\/foyovape.com\/fr\/produit\/ln2427-transparent-tank-refillable-vape-20ml-large-capacity-adjustable-5-30w-850mah-battery\/","title":{"rendered":"LN2427 Transparent Tank Refillable Vape | 20ml Large Capacity, Adjustable 5-30W, 850mAh Battery"},"content":{"rendered":"<p>D\u00e9tails :<\/p>\n<ul>\n<li>Mod\u00e8le : LN2427 (R\u00e9servoir d'huile transparent)<\/li>\n<li>Caract\u00e9ristiques : Vapeur rechargeable de grande capacit\u00e9 avec \u00e9cran d'affichage<\/li>\n<li>Dimensions : 102 \u00d7 50 \u00d7 25 mm<\/li>\n<li>Capacit\u00e9 d'huile : 20 ml \/ Dual Coils 1.0\u03a9<\/li>\n<li>R\u00e9glage de la puissance : 5-30W<\/li>\n<li>Batterie : 17350, 850mAh Pure Cobalt Battery<\/li>\n<li>Chargement : Type-C.<\/li>\n<\/ul>\n<p>&nbsp;<\/p>","protected":false},"excerpt":{"rendered":"<p>Details: Model: LN2427 (Transparent Oil Tank) Features: Large-capacity refillable vape with display screen Dimensions: 102 \u00d7 50 \u00d7 25 mm Oil Capacity: 20 ml \/ Dual Coils 1.0\u03a9 Power Adjustment: 5\u201330W Battery: 17350, 850mAh Pure Cobalt Battery Charging: Type-C. &nbsp;<\/p>","protected":false},"featured_media":850,"comment_status":"open","ping_status":"closed","template":"","meta":[],"product_brand":[],"product_cat":[34],"product_tag":[],"class_list":{"0":"post-849","1":"product","2":"type-product","3":"status-publish","4":"has-post-thumbnail","6":"product_cat-best-sellers","8":"first","9":"instock","10":"shipping-taxable","11":"product-type-simple"},"_links":{"self":[{"href":"https:\/\/foyovape.com\/fr\/wp-json\/wp\/v2\/product\/849","targetHints":{"allow":["GET"]}}],"collection":[{"href":"https:\/\/foyovape.com\/fr\/wp-json\/wp\/v2\/product"}],"about":[{"href":"https:\/\/foyovape.com\/fr\/wp-json\/wp\/v2\/types\/product"}],"replies":[{"embeddable":true,"href":"https:\/\/foyovape.com\/fr\/wp-json\/wp\/v2\/comments?post=849"}],"wp:featuredmedia":[{"embeddable":true,"href":"https:\/\/foyovape.com\/fr\/wp-json\/wp\/v2\/media\/850"}],"wp:attachment":[{"href":"https:\/\/foyovape.com\/fr\/wp-json\/wp\/v2\/media?parent=849"}],"wp:term":[{"taxonomy":"product_brand","embeddable":true,"href":"https:\/\/foyovape.com\/fr\/wp-json\/wp\/v2\/product_brand?post=849"},{"taxonomy":"product_cat","embeddable":true,"href":"https:\/\/foyovape.com\/fr\/wp-json\/wp\/v2\/product_cat?post=849"},{"taxonomy":"product_tag","embeddable":true,"href":"https:\/\/foyovape.com\/fr\/wp-json\/wp\/v2\/product_tag?post=849"}],"curies":[{"name":"wp","href":"https:\/\/api.w.org\/{rel}","templated":true}]}}