{"id":782,"date":"2025-07-01T10:21:17","date_gmt":"2025-07-01T10:21:17","guid":{"rendered":"https:\/\/foyovape.com\/?post_type=product&#038;p=782"},"modified":"2025-07-01T10:23:25","modified_gmt":"2025-07-01T10:23:25","slug":"disposable-pod-system-reusable-power-bank-30k","status":"publish","type":"product","link":"https:\/\/foyovape.com\/fr\/produit\/disposable-pod-system-reusable-power-bank-30k\/","title":{"rendered":"Pod System jetable \/ Reusable Power Bank - 30K Puffs OEM Supply | 850mAh Magnetic Dock, Dual Mode"},"content":{"rendered":"<h2>Syst\u00e8me de dosettes jetables - 30 000 bouff\u00e9es<\/h2>\n<h4><strong>R\u00e9volutionnez votre gamme de produits de vapotage : capacit\u00e9 de 19 ml + chargeur r\u00e9utilisable = retour sur investissement imbattable<\/strong><br \/>\nFatigu\u00e9 des vapes jetables \u00e0 faible marge ? Nos\u00a0<strong>syst\u00e8me de dosettes r\u00e9volutionnaire<\/strong>\u00a0combine un\u00a0<strong>Cartouche jetable \u00e0 haute teneur en nicotine de 19 ml<\/strong>\u00a0(50mg) avec un\u00a0<strong>banque d'\u00e9nergie magn\u00e9tique professionnelle de 850mAh<\/strong>\u00a0- livrer\u00a0<strong>30 000 bouff\u00e9es par unit\u00e9<\/strong>\u00a0tout en r\u00e9duisant les co\u00fbts \u00e0 long terme de vos clients. En tant que partenaire OEM, vous b\u00e9n\u00e9ficiez d'une\u00a0<strong>produit dominant le march\u00e9<\/strong>\u00a0avec une sophistication technique qu'aucun produit g\u00e9n\u00e9rique jetable ne peut \u00e9galer.<\/h4>\n<table>\n<thead>\n<tr>\n<th><strong>Cartouche jetable<\/strong><\/th>\n<th><strong>Banque d'alimentation<\/strong><\/th>\n<\/tr>\n<\/thead>\n<tbody>\n<tr>\n<td><strong>Capacit\u00e9<\/strong>: 19mL<\/td>\n<td><strong>Batterie<\/strong>Dur\u00e9e de vie de la batterie : 850mAh<\/td>\n<\/tr>\n<tr>\n<td><strong>Nicotine<\/strong>: 50mg (5%)<\/td>\n<td><strong>Chargement<\/strong>: Socle magn\u00e9tique<\/td>\n<\/tr>\n<tr>\n<td><strong>Puffs<\/strong>: 30K (Norm)\/18K (Boost)<\/td>\n<td><strong>Port<\/strong>: Type-C ultra-rapide<\/td>\n<\/tr>\n<tr>\n<td><strong>Bobine<\/strong>: 1.0\u03a9 Dual Mesh<\/td>\n<td><strong>R\u00e9utilisable<\/strong>: 500+ cycles<\/td>\n<\/tr>\n<tr>\n<td><strong>D\u00e9bit d'air<\/strong>: R\u00e9glable<\/td>\n<td><strong>Mat\u00e9riau<\/strong>: Aviation Alu<\/td>\n<\/tr>\n<tr>\n<td><strong>Taille<\/strong>96x31x27.66mm<\/td>\n<td><strong>Taille combin\u00e9e<\/strong>Dimensions : 96\u00d754.58\u00d727.66mm<\/td>\n<\/tr>\n<\/tbody>\n<\/table>\n<p><img loading=\"lazy\" decoding=\"async\" class=\"aligncenter size-full wp-image-785\" src=\"https:\/\/foyovape.com\/wp-content\/uploads\/2025\/07\/\u84dd\u8272-1-1.png\" alt=\"\" width=\"1000\" height=\"1000\" srcset=\"https:\/\/foyovape.com\/wp-content\/uploads\/2025\/07\/\u84dd\u8272-1-1.png 1000w, https:\/\/foyovape.com\/wp-content\/uploads\/2025\/07\/\u84dd\u8272-1-1-400x400.png 400w, https:\/\/foyovape.com\/wp-content\/uploads\/2025\/07\/\u84dd\u8272-1-1-800x800.png 800w, https:\/\/foyovape.com\/wp-content\/uploads\/2025\/07\/\u84dd\u8272-1-1-280x280.png 280w, https:\/\/foyovape.com\/wp-content\/uploads\/2025\/07\/\u84dd\u8272-1-1-768x768.png 768w, https:\/\/foyovape.com\/wp-content\/uploads\/2025\/07\/\u84dd\u8272-1-1-300x300.png 300w, https:\/\/foyovape.com\/wp-content\/uploads\/2025\/07\/\u84dd\u8272-1-1-600x600.png 600w, https:\/\/foyovape.com\/wp-content\/uploads\/2025\/07\/\u84dd\u8272-1-1-100x100.png 100w\" sizes=\"auto, (max-width: 1000px) 100vw, 1000px\" \/><\/p>","protected":false},"excerpt":{"rendered":"<p>Disposable Pod System &#8211; 30,000 puffs Revolutionize Your Vape Line: 19mL Capacity + Reusable Charger = Unbeatable ROI Tired of low-margin disposable vapes? Our\u00a0breakthrough pod system\u00a0combines a\u00a019mL high-nicotine disposable cartridge\u00a0(50mg) with a\u00a0professional 850mAh magnetic power bank\u00a0\u2013 delivering\u00a030,000 puffs per unit\u00a0while slashing your customers&#8217; long-term costs. As an OEM partner, you get a\u00a0market-dominating product\u00a0with technical sophistication [&#8230;]","protected":false},"featured_media":783,"comment_status":"open","ping_status":"closed","template":"","meta":[],"product_brand":[],"product_cat":[36],"product_tag":[],"class_list":{"0":"post-782","1":"product","2":"type-product","3":"status-publish","4":"has-post-thumbnail","6":"product_cat-disposable-vape","8":"first","9":"instock","10":"shipping-taxable","11":"product-type-simple"},"_links":{"self":[{"href":"https:\/\/foyovape.com\/fr\/wp-json\/wp\/v2\/product\/782","targetHints":{"allow":["GET"]}}],"collection":[{"href":"https:\/\/foyovape.com\/fr\/wp-json\/wp\/v2\/product"}],"about":[{"href":"https:\/\/foyovape.com\/fr\/wp-json\/wp\/v2\/types\/product"}],"replies":[{"embeddable":true,"href":"https:\/\/foyovape.com\/fr\/wp-json\/wp\/v2\/comments?post=782"}],"wp:featuredmedia":[{"embeddable":true,"href":"https:\/\/foyovape.com\/fr\/wp-json\/wp\/v2\/media\/783"}],"wp:attachment":[{"href":"https:\/\/foyovape.com\/fr\/wp-json\/wp\/v2\/media?parent=782"}],"wp:term":[{"taxonomy":"product_brand","embeddable":true,"href":"https:\/\/foyovape.com\/fr\/wp-json\/wp\/v2\/product_brand?post=782"},{"taxonomy":"product_cat","embeddable":true,"href":"https:\/\/foyovape.com\/fr\/wp-json\/wp\/v2\/product_cat?post=782"},{"taxonomy":"product_tag","embeddable":true,"href":"https:\/\/foyovape.com\/fr\/wp-json\/wp\/v2\/product_tag?post=782"}],"curies":[{"name":"wp","href":"https:\/\/api.w.org\/{rel}","templated":true}]}}