{"id":776,"date":"2025-07-01T09:02:21","date_gmt":"2025-07-01T09:02:21","guid":{"rendered":"https:\/\/foyovape.com\/?post_type=product&#038;p=776"},"modified":"2025-07-01T09:02:21","modified_gmt":"2025-07-01T09:02:21","slug":"postless-tech-disposable-cbd-vape-1-0ml-cotton-free-pure-oil-path","status":"publish","type":"product","link":"https:\/\/foyovape.com\/fr\/produit\/postless-tech-disposable-cbd-vape-1-0ml-cotton-free-pure-oil-path\/","title":{"rendered":"Postless Tech CBD Vape jetable - 1.0ml Cotton-Free Pure Oil Path | 280mAh Type-C Rechargeable (100x17x9mm)"},"content":{"rendered":"<h2>Vapeur CBD jetable sans coton 1.0ml - Technologie Postless pour une puret\u00e9 maximale de l'huile<\/h2>\n<p><strong>Faites l'exp\u00e9rience de la puret\u00e9 du CBD sans compromis : Pas de coton, pas de r\u00e9sidus, juste une saveur parfaite !<\/strong><\/p>\n<ul>\n<li>\n<p class=\"ds-markdown-paragraph\"><strong>\ud83d\uded1 100% Chemin d'huile sans coton :<\/strong>\u00a0Structure sans poteau\u00a0<strong>supprime les m\u00e8ches de coton<\/strong>\u00a0- emp\u00eachant la d\u00e9gradation de l'huile, les go\u00fbts de br\u00fbl\u00e9 et l'accumulation de r\u00e9sidus.\u00a0<em>Id\u00e9al pour les distillats de CBD pur.<\/em><\/p>\n<\/li>\n<li>\n<p class=\"ds-markdown-paragraph\"><strong>\u26a1 Postless Tech = Pure Extraction :<\/strong>\u00a0Contact direct de l'huile avec la bobine\u00a0<strong>maximise la puret\u00e9 des saveurs<\/strong>\u00a0et la fluidit\u00e9 de la vapeur - une\u00a0<strong>demande importante pour les marques d'huile de qualit\u00e9 sup\u00e9rieure<\/strong>.<\/p>\n<\/li>\n<li>\n<p class=\"ds-markdown-paragraph\"><strong>\ud83d\udd0d Fen\u00eatre \u00e0 huile personnalis\u00e9e :<\/strong>\u00a0Contr\u00f4lez facilement les niveaux d'huile sans interf\u00e9rence lumineuse.\u00a0<em>Fini les devinettes et le gaspillage d'huile.<\/em><\/p>\n<\/li>\n<li>\n<p class=\"ds-markdown-paragraph\"><strong>\ud83d\udd0b Type-C Rechargeable :<\/strong>\u00a0<strong>Batterie de 280mAh<\/strong>\u00a0avec des\u00a0<strong>Chargement de type C<\/strong>\u00a0(pas Micro-USB !) - permet l'utilisation d'une quantit\u00e9 totale d'huile de 1,0 ml.<\/p>\n<\/li>\n<li>\n<p class=\"ds-markdown-paragraph\"><strong>\ud83c\udfaf Bobine de pr\u00e9cision 1.5ohm :<\/strong>\u00a0Optimis\u00e9 pour la viscosit\u00e9 de l'huile de CBD - \u00e9quilibre la saveur et la production de vapeur.<\/p>\n<\/li>\n<li>\n<p class=\"ds-markdown-paragraph\"><strong>\ud83d\udccf Design ergonomique et mince :<\/strong>\u00a0\u00c9l\u00e9gant\u00a0<strong>Profil 100x17x9mm<\/strong>\u00a0se tient discr\u00e8tement dans la main.<\/p>\n<\/li>\n<\/ul>\n<p><img loading=\"lazy\" decoding=\"async\" class=\"aligncenter size-full wp-image-779\" src=\"https:\/\/foyovape.com\/wp-content\/uploads\/2025\/07\/\u7ec6\u8282\u56fe-.png\" alt=\"cotton free cbd vape\" width=\"1000\" height=\"1000\" srcset=\"https:\/\/foyovape.com\/wp-content\/uploads\/2025\/07\/\u7ec6\u8282\u56fe-.png 1000w, https:\/\/foyovape.com\/wp-content\/uploads\/2025\/07\/\u7ec6\u8282\u56fe--400x400.png 400w, https:\/\/foyovape.com\/wp-content\/uploads\/2025\/07\/\u7ec6\u8282\u56fe--800x800.png 800w, https:\/\/foyovape.com\/wp-content\/uploads\/2025\/07\/\u7ec6\u8282\u56fe--280x280.png 280w, https:\/\/foyovape.com\/wp-content\/uploads\/2025\/07\/\u7ec6\u8282\u56fe--768x768.png 768w, https:\/\/foyovape.com\/wp-content\/uploads\/2025\/07\/\u7ec6\u8282\u56fe--300x300.png 300w, https:\/\/foyovape.com\/wp-content\/uploads\/2025\/07\/\u7ec6\u8282\u56fe--600x600.png 600w, https:\/\/foyovape.com\/wp-content\/uploads\/2025\/07\/\u7ec6\u8282\u56fe--100x100.png 100w\" sizes=\"auto, (max-width: 1000px) 100vw, 1000px\" \/><\/p>","protected":false},"excerpt":{"rendered":"<p>Cotton-free disposable CBD vape 1.0ml &#8211; Postless tech for max oil purity Experience Uncompromised CBD Purity: No Cotton, No Residue, Just Perfect Flavor! \ud83d\uded1 100% Cotton-Free Oil Path:\u00a0Postless structure\u00a0removes cotton wicks\u00a0\u2013 preventing oil degradation, burnt tastes, and residue buildup.\u00a0Ideal for pure CBD distillates. \u26a1 Postless Tech = Pure Extraction:\u00a0Direct oil contact with coil\u00a0maximizes flavor purity\u00a0and [&#8230;]","protected":false},"featured_media":777,"comment_status":"open","ping_status":"closed","template":"","meta":[],"product_brand":[],"product_cat":[15],"product_tag":[],"class_list":{"0":"post-776","1":"product","2":"type-product","3":"status-publish","4":"has-post-thumbnail","6":"product_cat-cbd-wax-dry-herb-vaporizers","8":"first","9":"instock","10":"shipping-taxable","11":"product-type-simple"},"_links":{"self":[{"href":"https:\/\/foyovape.com\/fr\/wp-json\/wp\/v2\/product\/776","targetHints":{"allow":["GET"]}}],"collection":[{"href":"https:\/\/foyovape.com\/fr\/wp-json\/wp\/v2\/product"}],"about":[{"href":"https:\/\/foyovape.com\/fr\/wp-json\/wp\/v2\/types\/product"}],"replies":[{"embeddable":true,"href":"https:\/\/foyovape.com\/fr\/wp-json\/wp\/v2\/comments?post=776"}],"wp:featuredmedia":[{"embeddable":true,"href":"https:\/\/foyovape.com\/fr\/wp-json\/wp\/v2\/media\/777"}],"wp:attachment":[{"href":"https:\/\/foyovape.com\/fr\/wp-json\/wp\/v2\/media?parent=776"}],"wp:term":[{"taxonomy":"product_brand","embeddable":true,"href":"https:\/\/foyovape.com\/fr\/wp-json\/wp\/v2\/product_brand?post=776"},{"taxonomy":"product_cat","embeddable":true,"href":"https:\/\/foyovape.com\/fr\/wp-json\/wp\/v2\/product_cat?post=776"},{"taxonomy":"product_tag","embeddable":true,"href":"https:\/\/foyovape.com\/fr\/wp-json\/wp\/v2\/product_tag?post=776"}],"curies":[{"name":"wp","href":"https:\/\/api.w.org\/{rel}","templated":true}]}}