{"id":770,"date":"2025-07-01T08:29:47","date_gmt":"2025-07-01T08:29:47","guid":{"rendered":"https:\/\/foyovape.com\/?post_type=product&#038;p=770"},"modified":"2025-07-01T08:29:47","modified_gmt":"2025-07-01T08:29:47","slug":"universal-510-thread-battery-for-2-0ml-3-0ml-cbd-vapes","status":"publish","type":"product","link":"https:\/\/foyovape.com\/fr\/produit\/universal-510-thread-battery-for-2-0ml-3-0ml-cbd-vapes\/","title":{"rendered":"Batterie universelle 510 Thread pour Vapes CBD 2.0ml &amp; 3.0ml - 650mAh, 3 Voltage Settings (Classic D14xL81mm)"},"content":{"rendered":"<h2>Batterie universelle 510 Thread - 650mAh pour 2.0ml\/3.0ml CBD Tanks | 3 Voltage Outputs | D14xL81mm Size<\/h2>\n<ul>\n<li>\n<p class=\"ds-markdown-paragraph\"><strong>Compatibilit\u00e9 universelle :<\/strong>\u00a0Fonctionne en toute transparence avec\u00a0<strong>cartouches de vaporisation CBD standard de 2,0 ml et 3,0 ml<\/strong>\u00a0- la solution id\u00e9ale pour les utilisateurs qui ont besoin d'une capacit\u00e9 sup\u00e9rieure \u00e0 celle des petites piles (0,5ml\/1,0ml).<\/p>\n<\/li>\n<li>\n<p class=\"ds-markdown-paragraph\"><strong>\u26a1 Performance optimis\u00e9e :<\/strong>\u00a0Caract\u00e9ristiques\u00a0<strong>3 r\u00e9glages pr\u00e9cis de la tension (2,6V \/ 3,3V \/ 4,0V)<\/strong>\u00a0pour adapter la densit\u00e9 de la vapeur et la saveur \u00e0 diff\u00e9rentes huiles de CBD et pr\u00e9f\u00e9rences.<\/p>\n<\/li>\n<li>\n<p class=\"ds-markdown-paragraph\"><strong>\u23f1\ufe0f D\u00e9marrage en douceur :<\/strong>\u00a0Int\u00e9gr\u00e9\u00a0<strong>Fonction de pr\u00e9chauffage de 15 secondes \u00e0 1,8 V<\/strong>\u00a0garantit une m\u00e8che parfaite pour vos huiles de CBD plus \u00e9paisses, pour des tirages r\u00e9guliers et satisfaisants d\u00e8s la premi\u00e8re bouff\u00e9e.<\/p>\n<\/li>\n<li>\n<p class=\"ds-markdown-paragraph\"><strong>\ud83d\udd0b Puissance longue dur\u00e9e :<\/strong>\u00a0<strong>Batterie haute capacit\u00e9 de 650mAh<\/strong>\u00a0offre une dur\u00e9e d'utilisation prolong\u00e9e entre les charges, ce qui vous permet d'utiliser les r\u00e9servoirs les plus grands.<\/p>\n<\/li>\n<li>\n<p class=\"ds-markdown-paragraph\"><strong>\ud83c\udfc6 Classique et fiable :<\/strong>\u00a0Les\u00a0<strong>format D14xL81mm \u00e9prouv\u00e9 dans le temps<\/strong>\u00a0est une norme industrielle \u00e9prouv\u00e9e, fabriqu\u00e9e selon des sp\u00e9cifications de qualit\u00e9 rigoureuses souvent utilis\u00e9es par des marques de premier plan (qualit\u00e9 OEM).<\/p>\n<\/li>\n<li>\n<p class=\"ds-markdown-paragraph\"><strong>\ud83d\udcb0 Valeur imbattable :<\/strong>\u00a0Nous fournissons ceci\u00a0<strong>batterie 510 de premi\u00e8re qualit\u00e9 OEM<\/strong>\u00a0directement \u00e0 vous, en supprimant les interm\u00e9diaires et en vous offrant\u00a0<strong>des performances et une durabilit\u00e9 de premier ordre \u00e0 un prix tr\u00e8s comp\u00e9titif<\/strong>.<\/p>\n<\/li>\n<\/ul>\n<p><img loading=\"lazy\" decoding=\"async\" class=\"aligncenter size-full wp-image-774\" src=\"https:\/\/foyovape.com\/wp-content\/uploads\/2025\/07\/\u573a\u666f\u56fe.png\" alt=\"\" width=\"1000\" height=\"1000\" srcset=\"https:\/\/foyovape.com\/wp-content\/uploads\/2025\/07\/\u573a\u666f\u56fe.png 1000w, https:\/\/foyovape.com\/wp-content\/uploads\/2025\/07\/\u573a\u666f\u56fe-400x400.png 400w, https:\/\/foyovape.com\/wp-content\/uploads\/2025\/07\/\u573a\u666f\u56fe-800x800.png 800w, https:\/\/foyovape.com\/wp-content\/uploads\/2025\/07\/\u573a\u666f\u56fe-280x280.png 280w, https:\/\/foyovape.com\/wp-content\/uploads\/2025\/07\/\u573a\u666f\u56fe-768x768.png 768w, https:\/\/foyovape.com\/wp-content\/uploads\/2025\/07\/\u573a\u666f\u56fe-300x300.png 300w, https:\/\/foyovape.com\/wp-content\/uploads\/2025\/07\/\u573a\u666f\u56fe-600x600.png 600w, https:\/\/foyovape.com\/wp-content\/uploads\/2025\/07\/\u573a\u666f\u56fe-100x100.png 100w\" sizes=\"auto, (max-width: 1000px) 100vw, 1000px\" \/><\/p>","protected":false},"excerpt":{"rendered":"<p>Universal 510 Thread Battery- 650mAh for 2.0ml\/3.0ml CBD Tanks | 3 Voltage Outputs | D14xL81mm Size Universal Compatibility:\u00a0Seamlessly works with\u00a0standard 2.0ml and 3.0ml CBD vape cartridges\u00a0&#8211; the ideal solution for users needing more capacity than smaller batteries (0.5ml\/1.0ml) can handle. \u26a1 Optimized Performance:\u00a0Features\u00a03 precise voltage settings (2.6V \/ 3.3V \/ 4.0V)\u00a0to tailor your vapor density [&#8230;]","protected":false},"featured_media":771,"comment_status":"open","ping_status":"closed","template":"","meta":[],"product_brand":[],"product_cat":[15],"product_tag":[],"class_list":{"0":"post-770","1":"product","2":"type-product","3":"status-publish","4":"has-post-thumbnail","6":"product_cat-cbd-wax-dry-herb-vaporizers","8":"first","9":"instock","10":"shipping-taxable","11":"product-type-simple"},"_links":{"self":[{"href":"https:\/\/foyovape.com\/fr\/wp-json\/wp\/v2\/product\/770","targetHints":{"allow":["GET"]}}],"collection":[{"href":"https:\/\/foyovape.com\/fr\/wp-json\/wp\/v2\/product"}],"about":[{"href":"https:\/\/foyovape.com\/fr\/wp-json\/wp\/v2\/types\/product"}],"replies":[{"embeddable":true,"href":"https:\/\/foyovape.com\/fr\/wp-json\/wp\/v2\/comments?post=770"}],"wp:featuredmedia":[{"embeddable":true,"href":"https:\/\/foyovape.com\/fr\/wp-json\/wp\/v2\/media\/771"}],"wp:attachment":[{"href":"https:\/\/foyovape.com\/fr\/wp-json\/wp\/v2\/media?parent=770"}],"wp:term":[{"taxonomy":"product_brand","embeddable":true,"href":"https:\/\/foyovape.com\/fr\/wp-json\/wp\/v2\/product_brand?post=770"},{"taxonomy":"product_cat","embeddable":true,"href":"https:\/\/foyovape.com\/fr\/wp-json\/wp\/v2\/product_cat?post=770"},{"taxonomy":"product_tag","embeddable":true,"href":"https:\/\/foyovape.com\/fr\/wp-json\/wp\/v2\/product_tag?post=770"}],"curies":[{"name":"wp","href":"https:\/\/api.w.org\/{rel}","templated":true}]}}