{"id":747,"date":"2025-06-23T08:49:54","date_gmt":"2025-06-23T08:49:54","guid":{"rendered":"https:\/\/foyovape.com\/?post_type=product&#038;p=747"},"modified":"2025-07-03T10:27:55","modified_gmt":"2025-07-03T10:27:55","slug":"3-0ml-extra-large-510-ceramic-cartridge-atomizer","status":"publish","type":"product","link":"https:\/\/foyovape.com\/fr\/produit\/3-0ml-extra-large-510-ceramic-cartridge-atomizer\/","title":{"rendered":"3.0ml Extra Large 510 Ceramic Cartridge Atomizer - 4\u00d71.8mm Oil Holes, Full Ceramic Core for CBD\/THC Oils"},"content":{"rendered":"<h2><strong>3.0ml Extra Large 510 Ceramic Cartridge : Atomiseur de grande capacit\u00e9 pour les extraits CBD\/THC<\/strong><\/h2>\n<p class=\"ds-markdown-paragraph\">\u2705\u00a0<strong>Capacit\u00e9 in\u00e9gal\u00e9e de 3,0 ml<\/strong>\u00a0- Le plus grand volume de l'industrie pour\u00a0<strong>moins de recharges, moins de co\u00fbts<\/strong>.<br \/>\n\u2705\u00a0<strong>100% Noyau c\u00e9ramique<\/strong>\u00a0- Pr\u00e9serve les profils terp\u00e9niques, \u00e9limine le go\u00fbt de br\u00fbl\u00e9.<br \/>\n\u2705\u00a0<strong>Huile fine optimis\u00e9e<\/strong>\u00a0-\u00a0<strong>4x\u00d81.8mm trous d'huile<\/strong>\u00a0assurent une \u00e9vacuation rapide des e-liquides et distillats CBD.<br \/>\n\u2705\u00a0<strong>Conception LeakLock\u2122<\/strong>\u00a0- Les connecteurs \u00e0 triple \u00e9tanch\u00e9it\u00e9 \u00e9vitent les d\u00e9versements d\u00e9sagr\u00e9ables.<br \/>\n\u2705\u00a0<strong>510 filetage universel<\/strong>\u00a0- Fonctionne avec toutes les piles standard des stylos CBD\/THC.<\/p>\n<p class=\"ds-markdown-paragraph\"><strong>Sp\u00e9cifications techniques :<\/strong><\/p>\n<ul>\n<li>\n<p class=\"ds-markdown-paragraph\"><strong>Capacit\u00e9<\/strong>: 3,0 ml (3x la moyenne de l'industrie !)<\/p>\n<\/li>\n<li>\n<p class=\"ds-markdown-paragraph\"><strong>Trous d'huile<\/strong>: 4 \u00d7 \u23001.8mm (id\u00e9al pour une viscosit\u00e9 &lt; 800 cPs)<\/p>\n<\/li>\n<li>\n<p class=\"ds-markdown-paragraph\"><strong>C\u0153ur de m\u00e9tier<\/strong>: C\u00e9ramique de qualit\u00e9 m\u00e9dicale<\/p>\n<\/li>\n<li>\n<p class=\"ds-markdown-paragraph\"><strong>R\u00e9servoir<\/strong>: PCTG ultra-clair (r\u00e9sistant aux fissures)<\/p>\n<\/li>\n<li>\n<p class=\"ds-markdown-paragraph\"><strong>Base<\/strong>: Filet 510 plaqu\u00e9 or<\/p>\n<\/li>\n<\/ul>\n<p><img loading=\"lazy\" decoding=\"async\" class=\"aligncenter size-full wp-image-750\" src=\"https:\/\/foyovape.com\/wp-content\/uploads\/2025\/06\/\u7ec4\u5408\u56fe-.png\" alt=\"\" width=\"1000\" height=\"1000\" srcset=\"https:\/\/foyovape.com\/wp-content\/uploads\/2025\/06\/\u7ec4\u5408\u56fe-.png 1000w, https:\/\/foyovape.com\/wp-content\/uploads\/2025\/06\/\u7ec4\u5408\u56fe--400x400.png 400w, https:\/\/foyovape.com\/wp-content\/uploads\/2025\/06\/\u7ec4\u5408\u56fe--800x800.png 800w, https:\/\/foyovape.com\/wp-content\/uploads\/2025\/06\/\u7ec4\u5408\u56fe--280x280.png 280w, https:\/\/foyovape.com\/wp-content\/uploads\/2025\/06\/\u7ec4\u5408\u56fe--768x768.png 768w, https:\/\/foyovape.com\/wp-content\/uploads\/2025\/06\/\u7ec4\u5408\u56fe--300x300.png 300w, https:\/\/foyovape.com\/wp-content\/uploads\/2025\/06\/\u7ec4\u5408\u56fe--600x600.png 600w, https:\/\/foyovape.com\/wp-content\/uploads\/2025\/06\/\u7ec4\u5408\u56fe--100x100.png 100w\" sizes=\"auto, (max-width: 1000px) 100vw, 1000px\" \/><\/p>\n<p>&nbsp;<\/p>","protected":false},"excerpt":{"rendered":"<p>3.0ml Extra Large 510 Ceramic Cartridge : Atomiseur de grande capacit\u00e9 pour les extraits CBD\/THC \u2705 Capacit\u00e9 in\u00e9gal\u00e9e de 3.0ml - Le plus grand volume de l'industrie pour moins de recharges, moins de co\u00fbts. \u2705 100% Ceramic Core - Pr\u00e9serve les profils terp\u00e9niques, \u00e9limine le go\u00fbt de br\u00fbl\u00e9. \u2705 Thin-Oil Optimized - 4x\u00d81.8mm oil holes ensure rapid wicking for CBD e-liquids &amp; distillates. \u2705 LeakLock\u2122 Design - Des connecteurs \u00e0 triple \u00e9tanch\u00e9it\u00e9 emp\u00eachent les d\u00e9versements d\u00e9sordonn\u00e9s. \u2705 510 Universal Thread - Fonctionne avec tous les [...]","protected":false},"featured_media":748,"comment_status":"open","ping_status":"closed","template":"","meta":[],"product_brand":[],"product_cat":[15],"product_tag":[],"class_list":{"0":"post-747","1":"product","2":"type-product","3":"status-publish","4":"has-post-thumbnail","6":"product_cat-cbd-wax-dry-herb-vaporizers","8":"first","9":"instock","10":"shipping-taxable","11":"product-type-simple"},"_links":{"self":[{"href":"https:\/\/foyovape.com\/fr\/wp-json\/wp\/v2\/product\/747","targetHints":{"allow":["GET"]}}],"collection":[{"href":"https:\/\/foyovape.com\/fr\/wp-json\/wp\/v2\/product"}],"about":[{"href":"https:\/\/foyovape.com\/fr\/wp-json\/wp\/v2\/types\/product"}],"replies":[{"embeddable":true,"href":"https:\/\/foyovape.com\/fr\/wp-json\/wp\/v2\/comments?post=747"}],"wp:featuredmedia":[{"embeddable":true,"href":"https:\/\/foyovape.com\/fr\/wp-json\/wp\/v2\/media\/748"}],"wp:attachment":[{"href":"https:\/\/foyovape.com\/fr\/wp-json\/wp\/v2\/media?parent=747"}],"wp:term":[{"taxonomy":"product_brand","embeddable":true,"href":"https:\/\/foyovape.com\/fr\/wp-json\/wp\/v2\/product_brand?post=747"},{"taxonomy":"product_cat","embeddable":true,"href":"https:\/\/foyovape.com\/fr\/wp-json\/wp\/v2\/product_cat?post=747"},{"taxonomy":"product_tag","embeddable":true,"href":"https:\/\/foyovape.com\/fr\/wp-json\/wp\/v2\/product_tag?post=747"}],"curies":[{"name":"wp","href":"https:\/\/api.w.org\/{rel}","templated":true}]}}