{"id":741,"date":"2025-06-23T08:25:51","date_gmt":"2025-06-23T08:25:51","guid":{"rendered":"https:\/\/foyovape.com\/?post_type=product&#038;p=741"},"modified":"2025-07-03T10:47:12","modified_gmt":"2025-07-03T10:47:12","slug":"2-0ml-510-ceramic-cartridge-atomizer","status":"publish","type":"product","link":"https:\/\/foyovape.com\/fr\/produit\/2-0ml-510-ceramic-cartridge-atomizer\/","title":{"rendered":"2.0ml 510 Ceramic Cartridge Atomizer for CBD\/THC Oil - 4\u00d71.8mm Oil Holes, Full Ceramic Core, Leakproof Design"},"content":{"rendered":"<h2><strong>2.0ml 510 Ceramic Cartridge Atomizer for Premium CBD\/THC Oils<\/strong><\/h2>\n<p class=\"ds-markdown-paragraph\"><strong>Principaux avantages :<\/strong><br \/>\n\ud83d\udd25\u00a0<strong>Grande capacit\u00e9 de 2,0 ml<\/strong>\u00a0- Moins de recharges, plus d'utilisation (parfait pour les utilisateurs quotidiens et les marques).<br \/>\n\ud83d\udd25\u00a0<strong>Noyau enti\u00e8rement en c\u00e9ramique<\/strong>\u00a0- Z\u00e9ro go\u00fbt de m\u00e9tal, meilleure r\u00e9tention des ar\u00f4mes, pas de br\u00fblure.<br \/>\n\ud83d\udd25\u00a0<strong>Trous d'huile de pr\u00e9cision 4\u00d71,8 mm<\/strong>\u00a0- Id\u00e9al pour\u00a0<strong>huiles dilu\u00e9es<\/strong>\u00a0(par exemple, isolats de CBD, distillats liquides).<br \/>\n\ud83d\udd25\u00a0<strong>\u00c9tanch\u00e9it\u00e9 et r\u00e9sistance au colmatage<\/strong>\u00a0- Une technologie de scellage avanc\u00e9e permet d'\u00e9viter les pertes.<br \/>\n\ud83d\udd25\u00a0<strong>Filetage universel 510<\/strong>\u00a0- Convient aux piles 99% de CBD\/THC.<\/p>\n<p class=\"ds-markdown-paragraph\"><strong>Sp\u00e9cifications techniques :<\/strong><\/p>\n<ul>\n<li>\n<p class=\"ds-markdown-paragraph\"><strong>Capacit\u00e9<\/strong>: 2.0ml<\/p>\n<\/li>\n<li>\n<p class=\"ds-markdown-paragraph\"><strong>Trous d'huile<\/strong>: 4 x \u00d81.8mm (optimis\u00e9 pour un \u00e9coulement fluide)<\/p>\n<\/li>\n<li>\n<p class=\"ds-markdown-paragraph\"><strong>Mat\u00e9riau de base<\/strong>: 100% C\u00e9ramique (sans danger pour les ar\u00f4mes, r\u00e9sistant \u00e0 la chaleur)<\/p>\n<\/li>\n<li>\n<p class=\"ds-markdown-paragraph\"><strong>Mat\u00e9riau du r\u00e9servoir<\/strong>: PCTG de qualit\u00e9 alimentaire (durable, visibilit\u00e9 claire)<\/p>\n<\/li>\n<li>\n<p class=\"ds-markdown-paragraph\"><strong>Fil<\/strong>: Standard 510<\/p>\n<\/li>\n<\/ul>\n<p><img loading=\"lazy\" decoding=\"async\" class=\"aligncenter size-full wp-image-744\" src=\"https:\/\/foyovape.com\/wp-content\/uploads\/2025\/06\/\u7ec6\u8282\u56fe-1-1.png\" alt=\"\" width=\"1000\" height=\"1000\" srcset=\"https:\/\/foyovape.com\/wp-content\/uploads\/2025\/06\/\u7ec6\u8282\u56fe-1-1.png 1000w, https:\/\/foyovape.com\/wp-content\/uploads\/2025\/06\/\u7ec6\u8282\u56fe-1-1-400x400.png 400w, https:\/\/foyovape.com\/wp-content\/uploads\/2025\/06\/\u7ec6\u8282\u56fe-1-1-800x800.png 800w, https:\/\/foyovape.com\/wp-content\/uploads\/2025\/06\/\u7ec6\u8282\u56fe-1-1-280x280.png 280w, https:\/\/foyovape.com\/wp-content\/uploads\/2025\/06\/\u7ec6\u8282\u56fe-1-1-768x768.png 768w, https:\/\/foyovape.com\/wp-content\/uploads\/2025\/06\/\u7ec6\u8282\u56fe-1-1-300x300.png 300w, https:\/\/foyovape.com\/wp-content\/uploads\/2025\/06\/\u7ec6\u8282\u56fe-1-1-600x600.png 600w, https:\/\/foyovape.com\/wp-content\/uploads\/2025\/06\/\u7ec6\u8282\u56fe-1-1-100x100.png 100w\" sizes=\"auto, (max-width: 1000px) 100vw, 1000px\" \/><\/p>\n<p><img loading=\"lazy\" decoding=\"async\" class=\"aligncenter size-full wp-image-746\" src=\"https:\/\/foyovape.com\/wp-content\/uploads\/2025\/06\/CBDTHC-cartridge.png\" alt=\"OEM ceramic 510 cartridges\" width=\"1000\" height=\"1000\" srcset=\"https:\/\/foyovape.com\/wp-content\/uploads\/2025\/06\/CBDTHC-cartridge.png 1000w, https:\/\/foyovape.com\/wp-content\/uploads\/2025\/06\/CBDTHC-cartridge-400x400.png 400w, https:\/\/foyovape.com\/wp-content\/uploads\/2025\/06\/CBDTHC-cartridge-800x800.png 800w, https:\/\/foyovape.com\/wp-content\/uploads\/2025\/06\/CBDTHC-cartridge-280x280.png 280w, https:\/\/foyovape.com\/wp-content\/uploads\/2025\/06\/CBDTHC-cartridge-768x768.png 768w, https:\/\/foyovape.com\/wp-content\/uploads\/2025\/06\/CBDTHC-cartridge-300x300.png 300w, https:\/\/foyovape.com\/wp-content\/uploads\/2025\/06\/CBDTHC-cartridge-600x600.png 600w, https:\/\/foyovape.com\/wp-content\/uploads\/2025\/06\/CBDTHC-cartridge-100x100.png 100w\" sizes=\"auto, (max-width: 1000px) 100vw, 1000px\" \/><\/p>","protected":false},"excerpt":{"rendered":"<p>2.0ml 510 Ceramic Cartridge Atomizer for Premium CBD\/THC Oils Key Advantages: \ud83d\udd25\u00a02.0ml Large Capacity\u00a0\u2013 Fewer refills, longer use (perfect for daily users &amp; brands). \ud83d\udd25\u00a0Full Ceramic Core\u00a0\u2013 Zero metal taste, enhanced flavor retention, no burning. \ud83d\udd25\u00a0Precision 4&#215;1.8mm Oil Holes\u00a0\u2013 Ideal for\u00a0thinner oils\u00a0(e.g., CBD isolates, runny distillates). \ud83d\udd25\u00a0Leakproof &amp; Clog-Resistant\u00a0\u2013 Advanced sealing technology prevents waste. \ud83d\udd25\u00a0Universal [&#8230;]","protected":false},"featured_media":742,"comment_status":"open","ping_status":"closed","template":"","meta":[],"product_brand":[],"product_cat":[15],"product_tag":[],"class_list":{"0":"post-741","1":"product","2":"type-product","3":"status-publish","4":"has-post-thumbnail","6":"product_cat-cbd-wax-dry-herb-vaporizers","8":"first","9":"instock","10":"shipping-taxable","11":"product-type-simple"},"_links":{"self":[{"href":"https:\/\/foyovape.com\/fr\/wp-json\/wp\/v2\/product\/741","targetHints":{"allow":["GET"]}}],"collection":[{"href":"https:\/\/foyovape.com\/fr\/wp-json\/wp\/v2\/product"}],"about":[{"href":"https:\/\/foyovape.com\/fr\/wp-json\/wp\/v2\/types\/product"}],"replies":[{"embeddable":true,"href":"https:\/\/foyovape.com\/fr\/wp-json\/wp\/v2\/comments?post=741"}],"wp:featuredmedia":[{"embeddable":true,"href":"https:\/\/foyovape.com\/fr\/wp-json\/wp\/v2\/media\/742"}],"wp:attachment":[{"href":"https:\/\/foyovape.com\/fr\/wp-json\/wp\/v2\/media?parent=741"}],"wp:term":[{"taxonomy":"product_brand","embeddable":true,"href":"https:\/\/foyovape.com\/fr\/wp-json\/wp\/v2\/product_brand?post=741"},{"taxonomy":"product_cat","embeddable":true,"href":"https:\/\/foyovape.com\/fr\/wp-json\/wp\/v2\/product_cat?post=741"},{"taxonomy":"product_tag","embeddable":true,"href":"https:\/\/foyovape.com\/fr\/wp-json\/wp\/v2\/product_tag?post=741"}],"curies":[{"name":"wp","href":"https:\/\/api.w.org\/{rel}","templated":true}]}}