{"id":737,"date":"2025-06-23T04:39:07","date_gmt":"2025-06-23T04:39:07","guid":{"rendered":"https:\/\/foyovape.com\/?post_type=product&#038;p=737"},"modified":"2025-07-03T10:45:09","modified_gmt":"2025-07-03T10:45:09","slug":"510-thread-ceramic-cartridge-atomizer","status":"publish","type":"product","link":"https:\/\/foyovape.com\/fr\/produit\/510-thread-ceramic-cartridge-atomizer\/","title":{"rendered":"510 Thread Ceramic Cartridge Atomizer for CBD\/THC Oil - 0.5ml\/1.0ml Tank, 4\u00d71.8mm or 4\u00d72.0mm Oil Holes, Full Ceramic Post"},"content":{"rendered":"<h2><strong>510 Thread Ceramic Cartridge Atomizer pour CBD\/THC Oils<\/strong><\/h2>\n<p class=\"ds-markdown-paragraph\"><strong>Caract\u00e9ristiques principales :<\/strong><br \/>\n\u2714\u00a0<strong>Poste en c\u00e9ramique int\u00e9grale<\/strong>\u00a0- Am\u00e9liore la conservation des saveurs et \u00e9vite les go\u00fbts de br\u00fbl\u00e9 (par rapport aux poteaux m\u00e9talliques).<br \/>\n\u2714 <strong>Taille des trous d'huile<\/strong>\u00a0-\u00a0<strong>4\u00d71,8 mm (pour les huiles plus fines) ou 4\u00d72,0 mm (pour les concentr\u00e9s plus \u00e9pais)<\/strong>.<br \/>\n\u2714\u00a0<strong>Conception anti-fuite<\/strong>\u00a0- L'ing\u00e9nierie de pr\u00e9cision minimise les d\u00e9chets.<br \/>\n\u2714\u00a0<strong>Options de double capacit\u00e9<\/strong>\u00a0-\u00a0<strong>0,5ml ou 1,0ml (rechargeable)<\/strong>.<br \/>\n\u2714\u00a0<strong>Filetage universel 510<\/strong>\u00a0- Convient \u00e0 la plupart des batteries de vape CBD\/THC.<\/p>\n<p class=\"ds-markdown-paragraph\"><strong>Sp\u00e9cifications techniques :<\/strong><\/p>\n<ul>\n<li>\n<p class=\"ds-markdown-paragraph\"><strong>Mat\u00e9riau<\/strong>: C\u00e9ramique (poteau) + PCTG\/verre (r\u00e9servoir).<\/p>\n<\/li>\n<li>\n<p class=\"ds-markdown-paragraph\"><strong>Trous d'huile<\/strong>: 4\u00d71,8 mm ou 4\u00d72,0 mm (personnalisable pour les commandes OEM).<\/p>\n<\/li>\n<li>\n<p class=\"ds-markdown-paragraph\"><strong>Type de fil<\/strong>: Standard 510.<\/p>\n<\/li>\n<\/ul>\n<p><img loading=\"lazy\" decoding=\"async\" class=\"aligncenter size-full wp-image-740\" src=\"https:\/\/foyovape.com\/wp-content\/uploads\/2025\/06\/\u660e\u7ec6\u56fe-.png\" alt=\"\" width=\"1000\" height=\"1000\" srcset=\"https:\/\/foyovape.com\/wp-content\/uploads\/2025\/06\/\u660e\u7ec6\u56fe-.png 1000w, https:\/\/foyovape.com\/wp-content\/uploads\/2025\/06\/\u660e\u7ec6\u56fe--400x400.png 400w, https:\/\/foyovape.com\/wp-content\/uploads\/2025\/06\/\u660e\u7ec6\u56fe--800x800.png 800w, https:\/\/foyovape.com\/wp-content\/uploads\/2025\/06\/\u660e\u7ec6\u56fe--280x280.png 280w, https:\/\/foyovape.com\/wp-content\/uploads\/2025\/06\/\u660e\u7ec6\u56fe--768x768.png 768w, https:\/\/foyovape.com\/wp-content\/uploads\/2025\/06\/\u660e\u7ec6\u56fe--300x300.png 300w, https:\/\/foyovape.com\/wp-content\/uploads\/2025\/06\/\u660e\u7ec6\u56fe--600x600.png 600w, https:\/\/foyovape.com\/wp-content\/uploads\/2025\/06\/\u660e\u7ec6\u56fe--100x100.png 100w\" sizes=\"auto, (max-width: 1000px) 100vw, 1000px\" \/><\/p>","protected":false},"excerpt":{"rendered":"<p>510 Thread Ceramic Cartridge Atomizer for CBD\/THC Oils Key Features: \u2714\u00a0Full Ceramic Post\u00a0\u2013 Enhances flavor retention and prevents burnt tastes (vs. metal posts). \u2714 Oil Hole Sizes\u00a0\u2013\u00a04&#215;1.8mm (for thinner oils) or 4&#215;2.0mm (for thicker concentrates). \u2714\u00a0Leak-Resistant Design\u00a0\u2013 Precision engineering minimizes waste. \u2714\u00a0Dual Capacity Options\u00a0\u2013\u00a00.5ml\u00a0 or 1.0ml (refillable). \u2714\u00a0Universal 510 Thread\u00a0\u2013 Fits most CBD\/THC vape batteries. [&#8230;]","protected":false},"featured_media":739,"comment_status":"open","ping_status":"closed","template":"","meta":[],"product_brand":[],"product_cat":[15],"product_tag":[],"class_list":{"0":"post-737","1":"product","2":"type-product","3":"status-publish","4":"has-post-thumbnail","6":"product_cat-cbd-wax-dry-herb-vaporizers","8":"first","9":"instock","10":"shipping-taxable","11":"product-type-simple"},"_links":{"self":[{"href":"https:\/\/foyovape.com\/fr\/wp-json\/wp\/v2\/product\/737","targetHints":{"allow":["GET"]}}],"collection":[{"href":"https:\/\/foyovape.com\/fr\/wp-json\/wp\/v2\/product"}],"about":[{"href":"https:\/\/foyovape.com\/fr\/wp-json\/wp\/v2\/types\/product"}],"replies":[{"embeddable":true,"href":"https:\/\/foyovape.com\/fr\/wp-json\/wp\/v2\/comments?post=737"}],"wp:featuredmedia":[{"embeddable":true,"href":"https:\/\/foyovape.com\/fr\/wp-json\/wp\/v2\/media\/739"}],"wp:attachment":[{"href":"https:\/\/foyovape.com\/fr\/wp-json\/wp\/v2\/media?parent=737"}],"wp:term":[{"taxonomy":"product_brand","embeddable":true,"href":"https:\/\/foyovape.com\/fr\/wp-json\/wp\/v2\/product_brand?post=737"},{"taxonomy":"product_cat","embeddable":true,"href":"https:\/\/foyovape.com\/fr\/wp-json\/wp\/v2\/product_cat?post=737"},{"taxonomy":"product_tag","embeddable":true,"href":"https:\/\/foyovape.com\/fr\/wp-json\/wp\/v2\/product_tag?post=737"}],"curies":[{"name":"wp","href":"https:\/\/api.w.org\/{rel}","templated":true}]}}