{"id":723,"date":"2025-06-20T10:30:14","date_gmt":"2025-06-20T10:30:14","guid":{"rendered":"https:\/\/foyovape.com\/?post_type=product&#038;p=723"},"modified":"2025-07-03T10:20:20","modified_gmt":"2025-07-03T10:20:20","slug":"portable-dry-herb-vaporizer","status":"publish","type":"product","link":"https:\/\/foyovape.com\/fr\/produit\/portable-dry-herb-vaporizer\/","title":{"rendered":"Vaporisateur \u00e0 sec portable avec chambre en c\u00e9ramique et \u00e9cran HD | Chargement rapide par USB-C | Batterie 1300mAh"},"content":{"rendered":"<h2>Vaporisateur portable d'herbe s\u00e8che - Vaporisateur portable d'herbe s\u00e8che<\/h2>\n<p>Voici le premier vaporisateur d'herbe s\u00e8che \u00e0 vapeur au monde, dot\u00e9 d'une technologie de chauffage c\u00e9ramique de pointe. Avec son corps ergonomique con\u00e7u en 3D et ses syst\u00e8mes de protection de niveau militaire, cette centrale portable d\u00e9livre une vapeur pure et savoureuse partout o\u00f9 la vie vous emm\u00e8ne.<\/p>\n<p class=\"ds-markdown-paragraph\"><strong>Caract\u00e9ristiques principales<\/strong><br \/>\n\u2705\u00a0<strong>Chambre de chauffe en c\u00e9ramique pure<\/strong><\/p>\n<ul>\n<li>\n<p class=\"ds-markdown-paragraph\">L'\u00e9l\u00e9ment chauffant en c\u00e9ramique de 0,5 ohm pr\u00e9serve les terp\u00e8nes<\/p>\n<\/li>\n<li>\n<p class=\"ds-markdown-paragraph\">Pas d'arri\u00e8re-go\u00fbt m\u00e9tallique, extraction d'ar\u00f4mes purs<\/p>\n<\/li>\n<\/ul>\n<p class=\"ds-markdown-paragraph\">\u2705\u00a0<strong>Affichage et contr\u00f4le Smart HD<\/strong><\/p>\n<ul>\n<li>\n<p class=\"ds-markdown-paragraph\">Contr\u00f4le de la temp\u00e9rature en temps r\u00e9el<\/p>\n<\/li>\n<li>\n<p class=\"ds-markdown-paragraph\">Param\u00e8tres de session personnalisables<\/p>\n<\/li>\n<\/ul>\n<p class=\"ds-markdown-paragraph\">\u2705\u00a0<strong>Chargement rapide en USB-C<\/strong><\/p>\n<ul>\n<li>\n<p class=\"ds-markdown-paragraph\">Technologie de charge rapide 1A\/5V<\/p>\n<\/li>\n<li>\n<p class=\"ds-markdown-paragraph\">Batterie 1300mAh \u00e0 d\u00e9charge \u00e9lev\u00e9e (d\u00e9charge 10C \uff09)<\/p>\n<\/li>\n<\/ul>\n<p class=\"ds-markdown-paragraph\">\u2705\u00a0<strong>Ing\u00e9nierie avanc\u00e9e de la s\u00e9curit\u00e9<\/strong><\/p>\n<ul>\n<li>\n<p class=\"ds-markdown-paragraph\">Syst\u00e8me de protection quadruple : Court-circuit\/basse tension\/surintensit\u00e9\/court-circuit de sortie<\/p>\n<\/li>\n<\/ul>\n<p class=\"ds-markdown-paragraph\">\u2705\u00a0<strong>Contr\u00f4le pr\u00e9cis de la temp\u00e9rature<\/strong><\/p>\n<ul>\n<li>\n<p class=\"ds-markdown-paragraph\">Gamme \u00e9tendue : 300\u00b0F-435\u00b0F \/ 149\u00b0C-224\u00b0C<\/p>\n<\/li>\n<li>\n<p class=\"ds-markdown-paragraph\">Chauffage en 40 secondes jusqu'\u00e0 la temp\u00e9rature maximale<\/p>\n<\/li>\n<\/ul>\n<p><img loading=\"lazy\" decoding=\"async\" class=\"aligncenter size-full wp-image-730\" src=\"https:\/\/foyovape.com\/wp-content\/uploads\/2025\/06\/Dry-Herb-Vaporizer.png\" alt=\"portable-dry-herb-vaporizer-ceramic-chamber-hd-display\" width=\"1000\" height=\"1000\" srcset=\"https:\/\/foyovape.com\/wp-content\/uploads\/2025\/06\/Dry-Herb-Vaporizer.png 1000w, https:\/\/foyovape.com\/wp-content\/uploads\/2025\/06\/Dry-Herb-Vaporizer-400x400.png 400w, https:\/\/foyovape.com\/wp-content\/uploads\/2025\/06\/Dry-Herb-Vaporizer-800x800.png 800w, https:\/\/foyovape.com\/wp-content\/uploads\/2025\/06\/Dry-Herb-Vaporizer-280x280.png 280w, https:\/\/foyovape.com\/wp-content\/uploads\/2025\/06\/Dry-Herb-Vaporizer-768x768.png 768w, https:\/\/foyovape.com\/wp-content\/uploads\/2025\/06\/Dry-Herb-Vaporizer-300x300.png 300w, https:\/\/foyovape.com\/wp-content\/uploads\/2025\/06\/Dry-Herb-Vaporizer-600x600.png 600w, https:\/\/foyovape.com\/wp-content\/uploads\/2025\/06\/Dry-Herb-Vaporizer-100x100.png 100w\" sizes=\"auto, (max-width: 1000px) 100vw, 1000px\" \/><\/p>\n<p><img loading=\"lazy\" decoding=\"async\" class=\"aligncenter size-full wp-image-731\" src=\"https:\/\/foyovape.com\/wp-content\/uploads\/2025\/06\/\u672a\u547d\u540d\u7684\u8bbe\u8ba1-2-1.png\" alt=\"vaporizer-temperature-control-300F-435F\" width=\"1000\" height=\"1000\" srcset=\"https:\/\/foyovape.com\/wp-content\/uploads\/2025\/06\/\u672a\u547d\u540d\u7684\u8bbe\u8ba1-2-1.png 1000w, https:\/\/foyovape.com\/wp-content\/uploads\/2025\/06\/\u672a\u547d\u540d\u7684\u8bbe\u8ba1-2-1-400x400.png 400w, https:\/\/foyovape.com\/wp-content\/uploads\/2025\/06\/\u672a\u547d\u540d\u7684\u8bbe\u8ba1-2-1-800x800.png 800w, https:\/\/foyovape.com\/wp-content\/uploads\/2025\/06\/\u672a\u547d\u540d\u7684\u8bbe\u8ba1-2-1-280x280.png 280w, https:\/\/foyovape.com\/wp-content\/uploads\/2025\/06\/\u672a\u547d\u540d\u7684\u8bbe\u8ba1-2-1-768x768.png 768w, https:\/\/foyovape.com\/wp-content\/uploads\/2025\/06\/\u672a\u547d\u540d\u7684\u8bbe\u8ba1-2-1-300x300.png 300w, https:\/\/foyovape.com\/wp-content\/uploads\/2025\/06\/\u672a\u547d\u540d\u7684\u8bbe\u8ba1-2-1-600x600.png 600w, https:\/\/foyovape.com\/wp-content\/uploads\/2025\/06\/\u672a\u547d\u540d\u7684\u8bbe\u8ba1-2-1-100x100.png 100w\" sizes=\"auto, (max-width: 1000px) 100vw, 1000px\" \/><\/p>","protected":false},"excerpt":{"rendered":"<p>Portable Dry Herb Vaporizer &#8211; Portable Dry Herb Vaporizer Introducing the world&#8217;s first steam-enhanced dry herb vaporizer featuring cutting-edge ceramic heating technology. With its ergonomic 3D-designed body and military-grade protection systems, this portable powerhouse delivers pure, flavorful vapor wherever life takes you. Key Features \u2705\u00a0Pure Ceramic Heating Chamber 0.5ohm ceramic heating element preserves terpenes Zero [&#8230;]","protected":false},"featured_media":724,"comment_status":"open","ping_status":"closed","template":"","meta":[],"product_brand":[],"product_cat":[15],"product_tag":[],"class_list":{"0":"post-723","1":"product","2":"type-product","3":"status-publish","4":"has-post-thumbnail","6":"product_cat-cbd-wax-dry-herb-vaporizers","8":"first","9":"instock","10":"shipping-taxable","11":"product-type-simple"},"_links":{"self":[{"href":"https:\/\/foyovape.com\/fr\/wp-json\/wp\/v2\/product\/723","targetHints":{"allow":["GET"]}}],"collection":[{"href":"https:\/\/foyovape.com\/fr\/wp-json\/wp\/v2\/product"}],"about":[{"href":"https:\/\/foyovape.com\/fr\/wp-json\/wp\/v2\/types\/product"}],"replies":[{"embeddable":true,"href":"https:\/\/foyovape.com\/fr\/wp-json\/wp\/v2\/comments?post=723"}],"wp:featuredmedia":[{"embeddable":true,"href":"https:\/\/foyovape.com\/fr\/wp-json\/wp\/v2\/media\/724"}],"wp:attachment":[{"href":"https:\/\/foyovape.com\/fr\/wp-json\/wp\/v2\/media?parent=723"}],"wp:term":[{"taxonomy":"product_brand","embeddable":true,"href":"https:\/\/foyovape.com\/fr\/wp-json\/wp\/v2\/product_brand?post=723"},{"taxonomy":"product_cat","embeddable":true,"href":"https:\/\/foyovape.com\/fr\/wp-json\/wp\/v2\/product_cat?post=723"},{"taxonomy":"product_tag","embeddable":true,"href":"https:\/\/foyovape.com\/fr\/wp-json\/wp\/v2\/product_tag?post=723"}],"curies":[{"name":"wp","href":"https:\/\/api.w.org\/{rel}","templated":true}]}}