{"id":617,"date":"2025-06-18T09:23:09","date_gmt":"2025-06-18T09:23:09","guid":{"rendered":"https:\/\/foyovape.com\/?post_type=product&#038;p=617"},"modified":"2025-07-03T10:22:38","modified_gmt":"2025-07-03T10:22:38","slug":"smartscreen-3ml-disposable-cbd-vape","status":"publish","type":"product","link":"https:\/\/foyovape.com\/fr\/produit\/smartscreen-3ml-disposable-cbd-vape\/","title":{"rendered":"SmartScreen\u2122 3ml Vape CBD jetable : Affichage de la batterie et de la tension"},"content":{"rendered":"<h2>SmartScreen\u2122 3ml CBD Vape jetable -Revolutionnez votre exp\u00e9rience du CBD<\/h2>\n<p class=\"ds-markdown-paragraph\"><strong>Pourquoi ce stylo \u00e0 vapeur jetable sort du lot :<\/strong><\/p>\n<ol start=\"1\">\n<li>\n<p class=\"ds-markdown-paragraph\"><strong>Capacit\u00e9 massive de 3ml de CBD :<\/strong>\u00a0Oubliez les remplacements fr\u00e9quents ! Appr\u00e9ciez\u00a0<strong>3-6 fois<\/strong>\u00a0la capacit\u00e9 de l'e-liquide CBD par rapport aux produits jetables classiques (0,5 ml\/1 ml). Cela signifie un plaisir beaucoup plus durable et un rapport qualit\u00e9-prix imbattable. Parfait pour les utilisateurs d'une journ\u00e9e enti\u00e8re ou pour ceux qui recherchent une utilisation prolong\u00e9e.<\/p>\n<\/li>\n<li>\n<p class=\"ds-markdown-paragraph\"><strong>\u00c9cran intelligent LCD clair :<\/strong>\u00a0Un contr\u00f4le sans pr\u00e9c\u00e9dent. Le syst\u00e8me int\u00e9gr\u00e9 de\u00a0<strong>\u00c9cran LCD<\/strong>\u00a0fournit des informations en temps r\u00e9el et en un coup d'\u0153il sur votre :<\/p>\n<ul>\n<li>\n<p class=\"ds-markdown-paragraph\"><strong>Autonomie de la batterie :<\/strong>\u00a0Voyez exactement la puissance restante (pourcentage ou ic\u00f4ne), ce qui \u00e9limine les conjectures et les pertes soudaines de puissance. Ne soyez jamais pris au d\u00e9pourvu.<\/p>\n<\/li>\n<li>\n<p class=\"ds-markdown-paragraph\"><strong>Tension de fonctionnement :<\/strong>\u00a0Surveillez la tension de sortie constante, pour garantir des performances et une qualit\u00e9 de vapeur optimales tout au long de la dur\u00e9e de vie du stylo. Sachez qu'il fonctionne parfaitement.<\/p>\n<\/li>\n<\/ul>\n<\/li>\n<li>\n<p class=\"ds-markdown-paragraph\"><strong>Logo personnalis\u00e9 sur \u00e9cran (argument de vente unique !):<\/strong>\u00a0Faites en sorte qu'il soit vraiment le v\u00f4tre ou renforcez la pr\u00e9sence de votre marque.\u00a0<strong>Nous offrons la possibilit\u00e9 de personnaliser le logo directement sur l'\u00e9cran LCD lui-m\u00eame !<\/strong>\u00a0Il ne s'agit pas d'une simple \u00e9tiquette sur la carrosserie, mais d'une solution de marquage int\u00e9gr\u00e9e de haute technologie, visible \u00e0 chaque fois que vous v\u00e9rifiez votre batterie. D\u00e9marquez-vous gr\u00e2ce \u00e0 cette fonction innovante.<\/p>\n<\/li>\n<\/ol>\n<p><img loading=\"lazy\" decoding=\"async\" class=\"aligncenter size-full wp-image-619\" src=\"https:\/\/foyovape.com\/wp-content\/uploads\/2025\/06\/Disposable-CBD-PEN.png\" alt=\"Close-up of LCD Display on CBD Disposable Pen showing voltage and battery percentage\" width=\"1000\" height=\"1000\" srcset=\"https:\/\/foyovape.com\/wp-content\/uploads\/2025\/06\/Disposable-CBD-PEN.png 1000w, https:\/\/foyovape.com\/wp-content\/uploads\/2025\/06\/Disposable-CBD-PEN-400x400.png 400w, https:\/\/foyovape.com\/wp-content\/uploads\/2025\/06\/Disposable-CBD-PEN-800x800.png 800w, https:\/\/foyovape.com\/wp-content\/uploads\/2025\/06\/Disposable-CBD-PEN-280x280.png 280w, https:\/\/foyovape.com\/wp-content\/uploads\/2025\/06\/Disposable-CBD-PEN-768x768.png 768w, https:\/\/foyovape.com\/wp-content\/uploads\/2025\/06\/Disposable-CBD-PEN-300x300.png 300w, https:\/\/foyovape.com\/wp-content\/uploads\/2025\/06\/Disposable-CBD-PEN-600x600.png 600w, https:\/\/foyovape.com\/wp-content\/uploads\/2025\/06\/Disposable-CBD-PEN-100x100.png 100w\" sizes=\"auto, (max-width: 1000px) 100vw, 1000px\" \/><\/p>","protected":false},"excerpt":{"rendered":"<p>SmartScreen\u2122 3ml Disposable CBD Vape -Revolutionize Your CBD Experience Why This Disposable Vape Pen Stands Out: Massive 3ml CBD Capacity:\u00a0Ditch frequent replacements! Enjoy\u00a03-6 times\u00a0the CBD e-liquid capacity compared to typical disposables (0.5ml\/1ml). This means significantly longer-lasting enjoyment and unbeatable value for money. Perfect for all-day users or those seeking extended use. Clear LCD Smart Screen:\u00a0Unlock [&#8230;]","protected":false},"featured_media":618,"comment_status":"open","ping_status":"closed","template":"","meta":[],"product_brand":[],"product_cat":[15],"product_tag":[],"class_list":{"0":"post-617","1":"product","2":"type-product","3":"status-publish","4":"has-post-thumbnail","6":"product_cat-cbd-wax-dry-herb-vaporizers","8":"first","9":"instock","10":"shipping-taxable","11":"product-type-simple"},"_links":{"self":[{"href":"https:\/\/foyovape.com\/fr\/wp-json\/wp\/v2\/product\/617","targetHints":{"allow":["GET"]}}],"collection":[{"href":"https:\/\/foyovape.com\/fr\/wp-json\/wp\/v2\/product"}],"about":[{"href":"https:\/\/foyovape.com\/fr\/wp-json\/wp\/v2\/types\/product"}],"replies":[{"embeddable":true,"href":"https:\/\/foyovape.com\/fr\/wp-json\/wp\/v2\/comments?post=617"}],"wp:featuredmedia":[{"embeddable":true,"href":"https:\/\/foyovape.com\/fr\/wp-json\/wp\/v2\/media\/618"}],"wp:attachment":[{"href":"https:\/\/foyovape.com\/fr\/wp-json\/wp\/v2\/media?parent=617"}],"wp:term":[{"taxonomy":"product_brand","embeddable":true,"href":"https:\/\/foyovape.com\/fr\/wp-json\/wp\/v2\/product_brand?post=617"},{"taxonomy":"product_cat","embeddable":true,"href":"https:\/\/foyovape.com\/fr\/wp-json\/wp\/v2\/product_cat?post=617"},{"taxonomy":"product_tag","embeddable":true,"href":"https:\/\/foyovape.com\/fr\/wp-json\/wp\/v2\/product_tag?post=617"}],"curies":[{"name":"wp","href":"https:\/\/api.w.org\/{rel}","templated":true}]}}