{"id":590,"date":"2025-06-12T11:32:28","date_gmt":"2025-06-12T11:32:28","guid":{"rendered":"https:\/\/foyovape.com\/?post_type=product&#038;p=590"},"modified":"2025-07-03T10:30:09","modified_gmt":"2025-07-03T10:30:09","slug":"disposable-dab-pen","status":"publish","type":"product","link":"https:\/\/foyovape.com\/fr\/produit\/disposable-dab-pen\/","title":{"rendered":"Stylo Dab jetable - Noyau en c\u00e9ramique, 3 r\u00e9glages de tension et USB-C rapide"},"content":{"rendered":"<h2>Stylo Dab jetable - Technologie c\u00e9ramique VeriMesh : 20% Plus longue dur\u00e9e de vie de la bobine, z\u00e9ro go\u00fbt de br\u00fbl\u00e9<\/h2>\n<pre>D\u00e9couvrez la r\u00e9volution du dab pen !\r\nLe noyau c\u00e9ramique VeriMesh d\u00e9livre une saveur pure dans un dispositif jetable.\r\n\u2605 3 r\u00e9glages de tension (2,4V-3,2V)\r\nR\u00e9servoir d'huile visible\r\n\u2605 Chargement rapide par USB-C\r\nBatterie de 350mAh. Marquage personnalis\u00e9 OEM disponible. S\u00e9curit\u00e9 certifi\u00e9e par un laboratoire.  \r\n<img loading=\"lazy\" decoding=\"async\" class=\"aligncenter size-full wp-image-594\" src=\"https:\/\/foyovape.com\/wp-content\/uploads\/2025\/06\/8b11acc908cb75612ea2927248d1152-scaled.jpg\" alt=\"disposable-dab-pen\" width=\"2560\" height=\"1440\" srcset=\"https:\/\/foyovape.com\/wp-content\/uploads\/2025\/06\/8b11acc908cb75612ea2927248d1152-scaled.jpg 2560w, https:\/\/foyovape.com\/wp-content\/uploads\/2025\/06\/8b11acc908cb75612ea2927248d1152-711x400.jpg 711w, https:\/\/foyovape.com\/wp-content\/uploads\/2025\/06\/8b11acc908cb75612ea2927248d1152-1400x788.jpg 1400w, https:\/\/foyovape.com\/wp-content\/uploads\/2025\/06\/8b11acc908cb75612ea2927248d1152-768x432.jpg 768w, https:\/\/foyovape.com\/wp-content\/uploads\/2025\/06\/8b11acc908cb75612ea2927248d1152-1536x864.jpg 1536w, https:\/\/foyovape.com\/wp-content\/uploads\/2025\/06\/8b11acc908cb75612ea2927248d1152-2048x1152.jpg 2048w, https:\/\/foyovape.com\/wp-content\/uploads\/2025\/06\/8b11acc908cb75612ea2927248d1152-600x338.jpg 600w\" sizes=\"auto, (max-width: 2560px) 100vw, 2560px\" \/><img loading=\"lazy\" decoding=\"async\" class=\"aligncenter size-full wp-image-595\" src=\"https:\/\/foyovape.com\/wp-content\/uploads\/2025\/06\/ab360e6c24a83f0efe4e451a0954b4f1-scaled.jpg\" alt=\"disposable-dab-pen\" width=\"2560\" height=\"1440\" srcset=\"https:\/\/foyovape.com\/wp-content\/uploads\/2025\/06\/ab360e6c24a83f0efe4e451a0954b4f1-scaled.jpg 2560w, https:\/\/foyovape.com\/wp-content\/uploads\/2025\/06\/ab360e6c24a83f0efe4e451a0954b4f1-711x400.jpg 711w, https:\/\/foyovape.com\/wp-content\/uploads\/2025\/06\/ab360e6c24a83f0efe4e451a0954b4f1-1400x788.jpg 1400w, https:\/\/foyovape.com\/wp-content\/uploads\/2025\/06\/ab360e6c24a83f0efe4e451a0954b4f1-768x432.jpg 768w, https:\/\/foyovape.com\/wp-content\/uploads\/2025\/06\/ab360e6c24a83f0efe4e451a0954b4f1-1536x864.jpg 1536w, https:\/\/foyovape.com\/wp-content\/uploads\/2025\/06\/ab360e6c24a83f0efe4e451a0954b4f1-2048x1152.jpg 2048w, https:\/\/foyovape.com\/wp-content\/uploads\/2025\/06\/ab360e6c24a83f0efe4e451a0954b4f1-600x338.jpg 600w\" sizes=\"auto, (max-width: 2560px) 100vw, 2560px\" \/><\/pre>","protected":false},"excerpt":{"rendered":"<p>Disposable Dab Pen &#8211; Ceramic VeriMesh Technology: 20% Longer Coil Life, Zero Burnt Taste Discover the dab pen revolution! VeriMesh ceramic core delivers pure flavor in a disposable device. \u2605 3 voltage settings (2.4V-3.2V) \u2605 Visible oil tank \u2605 USB-C fast charging \u2605 350mAh battery. OEM custom branding available. Lab-certified safety.<\/p>","protected":false},"featured_media":602,"comment_status":"open","ping_status":"closed","template":"","meta":[],"product_brand":[],"product_cat":[15],"product_tag":[],"class_list":{"0":"post-590","1":"product","2":"type-product","3":"status-publish","4":"has-post-thumbnail","6":"product_cat-cbd-wax-dry-herb-vaporizers","8":"first","9":"instock","10":"shipping-taxable","11":"product-type-simple"},"_links":{"self":[{"href":"https:\/\/foyovape.com\/fr\/wp-json\/wp\/v2\/product\/590","targetHints":{"allow":["GET"]}}],"collection":[{"href":"https:\/\/foyovape.com\/fr\/wp-json\/wp\/v2\/product"}],"about":[{"href":"https:\/\/foyovape.com\/fr\/wp-json\/wp\/v2\/types\/product"}],"replies":[{"embeddable":true,"href":"https:\/\/foyovape.com\/fr\/wp-json\/wp\/v2\/comments?post=590"}],"wp:featuredmedia":[{"embeddable":true,"href":"https:\/\/foyovape.com\/fr\/wp-json\/wp\/v2\/media\/602"}],"wp:attachment":[{"href":"https:\/\/foyovape.com\/fr\/wp-json\/wp\/v2\/media?parent=590"}],"wp:term":[{"taxonomy":"product_brand","embeddable":true,"href":"https:\/\/foyovape.com\/fr\/wp-json\/wp\/v2\/product_brand?post=590"},{"taxonomy":"product_cat","embeddable":true,"href":"https:\/\/foyovape.com\/fr\/wp-json\/wp\/v2\/product_cat?post=590"},{"taxonomy":"product_tag","embeddable":true,"href":"https:\/\/foyovape.com\/fr\/wp-json\/wp\/v2\/product_tag?post=590"}],"curies":[{"name":"wp","href":"https:\/\/api.w.org\/{rel}","templated":true}]}}