{"id":584,"date":"2025-06-12T10:59:01","date_gmt":"2025-06-12T10:59:01","guid":{"rendered":"https:\/\/foyovape.com\/?post_type=product&#038;p=584"},"modified":"2025-07-03T10:46:07","modified_gmt":"2025-07-03T10:46:07","slug":"18000-puffs-disposable-vape","status":"publish","type":"product","link":"https:\/\/foyovape.com\/fr\/produit\/18000-puffs-disposable-vape\/","title":{"rendered":"18000 Puffs Vape jetable - Mesh Coil &amp; Digital Display &amp; Sticker Craft"},"content":{"rendered":"<h2>18000 bouff\u00e9es de vape jetable : Contr\u00f4le pr\u00e9cis de l'e-liquide et de la batterie<\/h2>\n<h3>Toile culturelle : Autocollants de motifs arabes \u00e0 d\u00e9coller et \u00e0 r\u00e9appliquer<\/h3>\n<p>18000 bouff\u00e9es de vape jetable avec des motifs arabes,Ce 18000 bouff\u00e9es jetable pr\u00e9sente un art exquis avec un affichage num\u00e9rique de la batterie et de l'e-liquide.<\/p>\n<p>\u2605 Bobine en maille pour une saveur riche<\/p>\n<p>\u2605 10 mod\u00e8les culturels dynamiques<\/p>\n<p>\u2605 Personnalisation facile de l'autocollant et service OEM pour les magasins.<\/p>\n<p><img loading=\"lazy\" decoding=\"async\" class=\"aligncenter size-full wp-image-588\" src=\"https:\/\/foyovape.com\/wp-content\/uploads\/2025\/06\/18000puffs-1-scaled.jpg\" alt=\"disposable vape\" width=\"2560\" height=\"2560\" srcset=\"https:\/\/foyovape.com\/wp-content\/uploads\/2025\/06\/18000puffs-1-scaled.jpg 2560w, https:\/\/foyovape.com\/wp-content\/uploads\/2025\/06\/18000puffs-1-400x400.jpg 400w, https:\/\/foyovape.com\/wp-content\/uploads\/2025\/06\/18000puffs-1-800x800.jpg 800w, https:\/\/foyovape.com\/wp-content\/uploads\/2025\/06\/18000puffs-1-280x280.jpg 280w, https:\/\/foyovape.com\/wp-content\/uploads\/2025\/06\/18000puffs-1-768x768.jpg 768w, https:\/\/foyovape.com\/wp-content\/uploads\/2025\/06\/18000puffs-1-1536x1536.jpg 1536w, https:\/\/foyovape.com\/wp-content\/uploads\/2025\/06\/18000puffs-1-2048x2048.jpg 2048w, https:\/\/foyovape.com\/wp-content\/uploads\/2025\/06\/18000puffs-1-300x300.jpg 300w, https:\/\/foyovape.com\/wp-content\/uploads\/2025\/06\/18000puffs-1-600x600.jpg 600w, https:\/\/foyovape.com\/wp-content\/uploads\/2025\/06\/18000puffs-1-100x100.jpg 100w\" sizes=\"auto, (max-width: 2560px) 100vw, 2560px\" \/><\/p>\n<p><img loading=\"lazy\" decoding=\"async\" class=\"aligncenter size-full wp-image-586\" src=\"https:\/\/foyovape.com\/wp-content\/uploads\/2025\/06\/18000puffs-2-scaled.jpg\" alt=\"disposable vape\" width=\"2560\" height=\"2560\" srcset=\"https:\/\/foyovape.com\/wp-content\/uploads\/2025\/06\/18000puffs-2-scaled.jpg 2560w, https:\/\/foyovape.com\/wp-content\/uploads\/2025\/06\/18000puffs-2-400x400.jpg 400w, https:\/\/foyovape.com\/wp-content\/uploads\/2025\/06\/18000puffs-2-800x800.jpg 800w, https:\/\/foyovape.com\/wp-content\/uploads\/2025\/06\/18000puffs-2-280x280.jpg 280w, https:\/\/foyovape.com\/wp-content\/uploads\/2025\/06\/18000puffs-2-768x768.jpg 768w, https:\/\/foyovape.com\/wp-content\/uploads\/2025\/06\/18000puffs-2-1536x1536.jpg 1536w, https:\/\/foyovape.com\/wp-content\/uploads\/2025\/06\/18000puffs-2-2048x2048.jpg 2048w, https:\/\/foyovape.com\/wp-content\/uploads\/2025\/06\/18000puffs-2-300x300.jpg 300w, https:\/\/foyovape.com\/wp-content\/uploads\/2025\/06\/18000puffs-2-600x600.jpg 600w, https:\/\/foyovape.com\/wp-content\/uploads\/2025\/06\/18000puffs-2-100x100.jpg 100w\" sizes=\"auto, (max-width: 2560px) 100vw, 2560px\" \/><img loading=\"lazy\" decoding=\"async\" class=\"aligncenter size-full wp-image-587\" src=\"https:\/\/foyovape.com\/wp-content\/uploads\/2025\/06\/18000puffs-3-scaled.jpg\" alt=\"\" width=\"2560\" height=\"2560\" srcset=\"https:\/\/foyovape.com\/wp-content\/uploads\/2025\/06\/18000puffs-3-scaled.jpg 2560w, https:\/\/foyovape.com\/wp-content\/uploads\/2025\/06\/18000puffs-3-400x400.jpg 400w, https:\/\/foyovape.com\/wp-content\/uploads\/2025\/06\/18000puffs-3-800x800.jpg 800w, https:\/\/foyovape.com\/wp-content\/uploads\/2025\/06\/18000puffs-3-280x280.jpg 280w, https:\/\/foyovape.com\/wp-content\/uploads\/2025\/06\/18000puffs-3-768x768.jpg 768w, https:\/\/foyovape.com\/wp-content\/uploads\/2025\/06\/18000puffs-3-1536x1536.jpg 1536w, https:\/\/foyovape.com\/wp-content\/uploads\/2025\/06\/18000puffs-3-2048x2048.jpg 2048w, https:\/\/foyovape.com\/wp-content\/uploads\/2025\/06\/18000puffs-3-300x300.jpg 300w, https:\/\/foyovape.com\/wp-content\/uploads\/2025\/06\/18000puffs-3-600x600.jpg 600w, https:\/\/foyovape.com\/wp-content\/uploads\/2025\/06\/18000puffs-3-100x100.jpg 100w\" sizes=\"auto, (max-width: 2560px) 100vw, 2560px\" \/><\/p>","protected":false},"excerpt":{"rendered":"<p>&nbsp;<\/p>\n<p>&nbsp;<\/p>\n<p>&nbsp;<\/p>","protected":false},"featured_media":585,"comment_status":"open","ping_status":"closed","template":"","meta":[],"product_brand":[],"product_cat":[36],"product_tag":[],"class_list":{"0":"post-584","1":"product","2":"type-product","3":"status-publish","4":"has-post-thumbnail","6":"product_cat-disposable-vape","8":"first","9":"instock","10":"shipping-taxable","11":"product-type-simple"},"_links":{"self":[{"href":"https:\/\/foyovape.com\/fr\/wp-json\/wp\/v2\/product\/584","targetHints":{"allow":["GET"]}}],"collection":[{"href":"https:\/\/foyovape.com\/fr\/wp-json\/wp\/v2\/product"}],"about":[{"href":"https:\/\/foyovape.com\/fr\/wp-json\/wp\/v2\/types\/product"}],"replies":[{"embeddable":true,"href":"https:\/\/foyovape.com\/fr\/wp-json\/wp\/v2\/comments?post=584"}],"wp:featuredmedia":[{"embeddable":true,"href":"https:\/\/foyovape.com\/fr\/wp-json\/wp\/v2\/media\/585"}],"wp:attachment":[{"href":"https:\/\/foyovape.com\/fr\/wp-json\/wp\/v2\/media?parent=584"}],"wp:term":[{"taxonomy":"product_brand","embeddable":true,"href":"https:\/\/foyovape.com\/fr\/wp-json\/wp\/v2\/product_brand?post=584"},{"taxonomy":"product_cat","embeddable":true,"href":"https:\/\/foyovape.com\/fr\/wp-json\/wp\/v2\/product_cat?post=584"},{"taxonomy":"product_tag","embeddable":true,"href":"https:\/\/foyovape.com\/fr\/wp-json\/wp\/v2\/product_tag?post=584"}],"curies":[{"name":"wp","href":"https:\/\/api.w.org\/{rel}","templated":true}]}}