{"id":578,"date":"2025-06-11T11:48:50","date_gmt":"2025-06-11T11:48:50","guid":{"rendered":"https:\/\/foyovape.com\/?post_type=product&#038;p=578"},"modified":"2025-07-03T10:49:14","modified_gmt":"2025-07-03T10:49:14","slug":"refillable-pod-system","status":"publish","type":"product","link":"https:\/\/foyovape.com\/fr\/produit\/refillable-pod-system\/","title":{"rendered":"Syst\u00e8me Pod rechargeable 1000mAh - Affichage LED &amp; Airflow r\u00e9glable (R\u00e9servoir 2ml\/OEM)"},"content":{"rendered":"<h2>Contr\u00f4le pr\u00e9cis du flux d'air : De la MTL serr\u00e9e \u00e0 la RDL desserr\u00e9e<\/h2>\n<pre>Con\u00e7u pour les vapoteurs qui exigent le contr\u00f4le :\r\nSyst\u00e8me de dosettes rechargeables de 1000mAh avec \u00e9cran LED net.\r\n\u2605 Suivi en temps r\u00e9el de la batterie et des bouff\u00e9es\r\n\u2605 Flux d'air r\u00e9glable avec pr\u00e9cision\r\n\u2605 R\u00e9servoir PCTG de 2ml \u00e0 remplissage par le haut\r\n\u2605 Chargement rapide de type C. Marquage personnalis\u00e9 pour les boutiques de vape et les grossistes OEM.\r\n<img loading=\"lazy\" decoding=\"async\" class=\"aligncenter size-full wp-image-581\" src=\"https:\/\/foyovape.com\/wp-content\/uploads\/2025\/06\/656d0eda2bc873d2eb951cb0b24f8df-scaled.jpg\" alt=\"OEM refillable vape pods production line with quality testing\" width=\"2560\" height=\"1921\" srcset=\"https:\/\/foyovape.com\/wp-content\/uploads\/2025\/06\/656d0eda2bc873d2eb951cb0b24f8df-scaled.jpg 2560w, https:\/\/foyovape.com\/wp-content\/uploads\/2025\/06\/656d0eda2bc873d2eb951cb0b24f8df-533x400.jpg 533w, https:\/\/foyovape.com\/wp-content\/uploads\/2025\/06\/656d0eda2bc873d2eb951cb0b24f8df-1066x800.jpg 1066w, https:\/\/foyovape.com\/wp-content\/uploads\/2025\/06\/656d0eda2bc873d2eb951cb0b24f8df-768x576.jpg 768w, https:\/\/foyovape.com\/wp-content\/uploads\/2025\/06\/656d0eda2bc873d2eb951cb0b24f8df-1536x1153.jpg 1536w, https:\/\/foyovape.com\/wp-content\/uploads\/2025\/06\/656d0eda2bc873d2eb951cb0b24f8df-2048x1537.jpg 2048w, https:\/\/foyovape.com\/wp-content\/uploads\/2025\/06\/656d0eda2bc873d2eb951cb0b24f8df-600x450.jpg 600w\" sizes=\"auto, (max-width: 2560px) 100vw, 2560px\" \/><img loading=\"lazy\" decoding=\"async\" class=\"aligncenter size-full wp-image-582\" src=\"https:\/\/foyovape.com\/wp-content\/uploads\/2025\/06\/38eec60f20874821c5858f9cda8e181.jpg\" alt=\"refillable vape pods\" width=\"1080\" height=\"1080\" srcset=\"https:\/\/foyovape.com\/wp-content\/uploads\/2025\/06\/38eec60f20874821c5858f9cda8e181.jpg 1080w, https:\/\/foyovape.com\/wp-content\/uploads\/2025\/06\/38eec60f20874821c5858f9cda8e181-400x400.jpg 400w, https:\/\/foyovape.com\/wp-content\/uploads\/2025\/06\/38eec60f20874821c5858f9cda8e181-800x800.jpg 800w, https:\/\/foyovape.com\/wp-content\/uploads\/2025\/06\/38eec60f20874821c5858f9cda8e181-280x280.jpg 280w, https:\/\/foyovape.com\/wp-content\/uploads\/2025\/06\/38eec60f20874821c5858f9cda8e181-768x768.jpg 768w, https:\/\/foyovape.com\/wp-content\/uploads\/2025\/06\/38eec60f20874821c5858f9cda8e181-300x300.jpg 300w, https:\/\/foyovape.com\/wp-content\/uploads\/2025\/06\/38eec60f20874821c5858f9cda8e181-600x600.jpg 600w, https:\/\/foyovape.com\/wp-content\/uploads\/2025\/06\/38eec60f20874821c5858f9cda8e181-100x100.jpg 100w\" sizes=\"auto, (max-width: 1080px) 100vw, 1080px\" \/><\/pre>","protected":false},"excerpt":{"rendered":"<p>Precision Airflow Control: From Tight MTL to Loose RDL Engineered for vapers who demand control: 1000mAh refillable pod system with crisp LED screen. \u2605 Real-time battery\/puff tracking \u2605 Precision adjustable airflow \u2605 Top-fill 2ml PCTG tank \u2605 Type-C fast charging. Custom branding for vape shops &amp; OEM wholesalers.<\/p>","protected":false},"featured_media":597,"comment_status":"open","ping_status":"closed","template":"","meta":[],"product_brand":[],"product_cat":[69],"product_tag":[],"class_list":{"0":"post-578","1":"product","2":"type-product","3":"status-publish","4":"has-post-thumbnail","6":"product_cat-pod-vape-kits","8":"first","9":"instock","10":"shipping-taxable","11":"product-type-simple"},"_links":{"self":[{"href":"https:\/\/foyovape.com\/fr\/wp-json\/wp\/v2\/product\/578","targetHints":{"allow":["GET"]}}],"collection":[{"href":"https:\/\/foyovape.com\/fr\/wp-json\/wp\/v2\/product"}],"about":[{"href":"https:\/\/foyovape.com\/fr\/wp-json\/wp\/v2\/types\/product"}],"replies":[{"embeddable":true,"href":"https:\/\/foyovape.com\/fr\/wp-json\/wp\/v2\/comments?post=578"}],"wp:featuredmedia":[{"embeddable":true,"href":"https:\/\/foyovape.com\/fr\/wp-json\/wp\/v2\/media\/597"}],"wp:attachment":[{"href":"https:\/\/foyovape.com\/fr\/wp-json\/wp\/v2\/media?parent=578"}],"wp:term":[{"taxonomy":"product_brand","embeddable":true,"href":"https:\/\/foyovape.com\/fr\/wp-json\/wp\/v2\/product_brand?post=578"},{"taxonomy":"product_cat","embeddable":true,"href":"https:\/\/foyovape.com\/fr\/wp-json\/wp\/v2\/product_cat?post=578"},{"taxonomy":"product_tag","embeddable":true,"href":"https:\/\/foyovape.com\/fr\/wp-json\/wp\/v2\/product_tag?post=578"}],"curies":[{"name":"wp","href":"https:\/\/api.w.org\/{rel}","templated":true}]}}