{"id":572,"date":"2025-06-11T11:14:51","date_gmt":"2025-06-11T11:14:51","guid":{"rendered":"https:\/\/foyovape.com\/?post_type=product&#038;p=572"},"modified":"2025-07-03T09:59:13","modified_gmt":"2025-07-03T09:59:13","slug":"dtl-pro-30000-puffs-disposable-hookah","status":"publish","type":"product","link":"https:\/\/foyovape.com\/fr\/produit\/dtl-pro-30000-puffs-disposable-hookah\/","title":{"rendered":"DTL Pro 30000 bouff\u00e9es narguil\u00e9 jetable - Ecran HD avec image personnalis\u00e9e et service OEM"},"content":{"rendered":"<h4><strong>DTL Pro 30000 Puffs Disposable Hookah - Design sp\u00e9cifique : 25% Plus grand d\u00e9bit d'air pour la chasse aux nuages<\/strong><br \/>\nFaites l'exp\u00e9rience de la douceur des tubes DTL avec notre narguil\u00e9 jetable en moule priv\u00e9 !<br \/>\n\u2605 Capacit\u00e9 de 30000 bouff\u00e9es<br \/>\nL'\u00e9cran HD affiche en temps r\u00e9el les niveaux de batterie et de liquide.<br \/>\n\u2605 images personnalis\u00e9es<br \/>\nOEM et marquage personnalis\u00e9 accept\u00e9s. S\u00e9curit\u00e9 certifi\u00e9e ISO.<\/h4>\n<p><img loading=\"lazy\" decoding=\"async\" class=\"aligncenter wp-image-574 size-full\" src=\"https:\/\/foyovape.com\/wp-content\/uploads\/2025\/06\/Shisha-2-scaled.jpg\" alt=\"Private mold DTL hookahs for OEM\" width=\"2560\" height=\"1706\" srcset=\"https:\/\/foyovape.com\/wp-content\/uploads\/2025\/06\/Shisha-2-scaled.jpg 2560w, https:\/\/foyovape.com\/wp-content\/uploads\/2025\/06\/Shisha-2-600x400.jpg 600w, https:\/\/foyovape.com\/wp-content\/uploads\/2025\/06\/Shisha-2-1200x800.jpg 1200w, https:\/\/foyovape.com\/wp-content\/uploads\/2025\/06\/Shisha-2-768x512.jpg 768w, https:\/\/foyovape.com\/wp-content\/uploads\/2025\/06\/Shisha-2-1536x1024.jpg 1536w, https:\/\/foyovape.com\/wp-content\/uploads\/2025\/06\/Shisha-2-2048x1365.jpg 2048w\" sizes=\"auto, (max-width: 2560px) 100vw, 2560px\" \/><\/p>\n<p>&nbsp;<\/p>\n<p><img loading=\"lazy\" decoding=\"async\" class=\"aligncenter size-full wp-image-576\" src=\"https:\/\/foyovape.com\/wp-content\/uploads\/2025\/06\/Shisha-4-scaled.jpg\" alt=\"\" width=\"2560\" height=\"2229\" srcset=\"https:\/\/foyovape.com\/wp-content\/uploads\/2025\/06\/Shisha-4-scaled.jpg 2560w, https:\/\/foyovape.com\/wp-content\/uploads\/2025\/06\/Shisha-4-459x400.jpg 459w, https:\/\/foyovape.com\/wp-content\/uploads\/2025\/06\/Shisha-4-919x800.jpg 919w, https:\/\/foyovape.com\/wp-content\/uploads\/2025\/06\/Shisha-4-768x669.jpg 768w, https:\/\/foyovape.com\/wp-content\/uploads\/2025\/06\/Shisha-4-1536x1337.jpg 1536w, https:\/\/foyovape.com\/wp-content\/uploads\/2025\/06\/Shisha-4-2048x1783.jpg 2048w, https:\/\/foyovape.com\/wp-content\/uploads\/2025\/06\/Shisha-4-600x522.jpg 600w\" sizes=\"auto, (max-width: 2560px) 100vw, 2560px\" \/><\/p>\n<h4><\/h4>","protected":false},"excerpt":{"rendered":"<p>DTL Pro 30000 Puffs Disposable Hookah\u00a0 &#8211; Specific Design: 25% Larger Airflow for Cloud Chasing Experience smooth DTL hits with our private-mold disposable hookah! \u2605 30000 puffs capacity \u2605 HD screen shows real-time battery\/e-liquid levels \u2605 custom images \u2605 OEM custom branding accepted. ISO-certified safety. &nbsp;<\/p>","protected":false},"featured_media":599,"comment_status":"open","ping_status":"closed","template":"","meta":[],"product_brand":[],"product_cat":[36],"product_tag":[],"class_list":{"0":"post-572","1":"product","2":"type-product","3":"status-publish","4":"has-post-thumbnail","6":"product_cat-disposable-vape","8":"first","9":"instock","10":"shipping-taxable","11":"product-type-simple"},"_links":{"self":[{"href":"https:\/\/foyovape.com\/fr\/wp-json\/wp\/v2\/product\/572","targetHints":{"allow":["GET"]}}],"collection":[{"href":"https:\/\/foyovape.com\/fr\/wp-json\/wp\/v2\/product"}],"about":[{"href":"https:\/\/foyovape.com\/fr\/wp-json\/wp\/v2\/types\/product"}],"replies":[{"embeddable":true,"href":"https:\/\/foyovape.com\/fr\/wp-json\/wp\/v2\/comments?post=572"}],"wp:featuredmedia":[{"embeddable":true,"href":"https:\/\/foyovape.com\/fr\/wp-json\/wp\/v2\/media\/599"}],"wp:attachment":[{"href":"https:\/\/foyovape.com\/fr\/wp-json\/wp\/v2\/media?parent=572"}],"wp:term":[{"taxonomy":"product_brand","embeddable":true,"href":"https:\/\/foyovape.com\/fr\/wp-json\/wp\/v2\/product_brand?post=572"},{"taxonomy":"product_cat","embeddable":true,"href":"https:\/\/foyovape.com\/fr\/wp-json\/wp\/v2\/product_cat?post=572"},{"taxonomy":"product_tag","embeddable":true,"href":"https:\/\/foyovape.com\/fr\/wp-json\/wp\/v2\/product_tag?post=572"}],"curies":[{"name":"wp","href":"https:\/\/api.w.org\/{rel}","templated":true}]}}