{"id":566,"date":"2025-06-11T11:01:40","date_gmt":"2025-06-11T11:01:40","guid":{"rendered":"https:\/\/foyovape.com\/?post_type=product&#038;p=566"},"modified":"2025-07-03T10:25:25","modified_gmt":"2025-07-03T10:25:25","slug":"mirror-glow-35000-puffs-disposable-vape","status":"publish","type":"product","link":"https:\/\/foyovape.com\/fr\/produit\/mirror-glow-35000-puffs-disposable-vape\/","title":{"rendered":"Mirror Glow 35000 bouff\u00e9es de vapeur jetables - Affichage LED et glace r\u00e9glable (OEM Ready)"},"content":{"rendered":"<h4><strong>Mirror Glow 35000 Puffs Disposable Vape - D\u00e9couvrez des effets de miroir hypnotiques qui brillent \u00e0 chaque bouff\u00e9e ! <\/strong><br \/>\nCette vape jetable de 35000 bouff\u00e9es dispose d'un affichage e-liquide\/puissance en temps r\u00e9el +.<br \/>\nl'ajustement de la glace.<br \/>\nLe port Type-C rechargeable dure des semaines.<br \/>\nMarquage personnalis\u00e9 disponible pour les commandes OEM\/ODM.<br \/>\nS\u00e9curit\u00e9 certifi\u00e9e en laboratoire.<\/h4>\n<p><img loading=\"lazy\" decoding=\"async\" class=\"size-full wp-image-571\" src=\"https:\/\/foyovape.com\/wp-content\/uploads\/2025\/06\/35000puffs-4-scaled.jpg\" alt=\"Custom OEM disposable vapes with mirror effect\" width=\"2560\" height=\"1664\" srcset=\"https:\/\/foyovape.com\/wp-content\/uploads\/2025\/06\/35000puffs-4-scaled.jpg 2560w, https:\/\/foyovape.com\/wp-content\/uploads\/2025\/06\/35000puffs-4-615x400.jpg 615w, https:\/\/foyovape.com\/wp-content\/uploads\/2025\/06\/35000puffs-4-1231x800.jpg 1231w, https:\/\/foyovape.com\/wp-content\/uploads\/2025\/06\/35000puffs-4-768x499.jpg 768w, https:\/\/foyovape.com\/wp-content\/uploads\/2025\/06\/35000puffs-4-1536x998.jpg 1536w, https:\/\/foyovape.com\/wp-content\/uploads\/2025\/06\/35000puffs-4-2048x1331.jpg 2048w, https:\/\/foyovape.com\/wp-content\/uploads\/2025\/06\/35000puffs-4-600x390.jpg 600w\" sizes=\"auto, (max-width: 2560px) 100vw, 2560px\" \/><\/p>\n<p><img loading=\"lazy\" decoding=\"async\" class=\"size-full wp-image-570\" src=\"https:\/\/foyovape.com\/wp-content\/uploads\/2025\/06\/35000puffs-3-scaled.jpg\" alt=\"Close-up of e-liquid window and ice level control on Mirror Glow vape device\" width=\"2560\" height=\"1920\" srcset=\"https:\/\/foyovape.com\/wp-content\/uploads\/2025\/06\/35000puffs-3-scaled.jpg 2560w, https:\/\/foyovape.com\/wp-content\/uploads\/2025\/06\/35000puffs-3-533x400.jpg 533w, https:\/\/foyovape.com\/wp-content\/uploads\/2025\/06\/35000puffs-3-1067x800.jpg 1067w, https:\/\/foyovape.com\/wp-content\/uploads\/2025\/06\/35000puffs-3-768x576.jpg 768w, https:\/\/foyovape.com\/wp-content\/uploads\/2025\/06\/35000puffs-3-1536x1152.jpg 1536w, https:\/\/foyovape.com\/wp-content\/uploads\/2025\/06\/35000puffs-3-2048x1536.jpg 2048w, https:\/\/foyovape.com\/wp-content\/uploads\/2025\/06\/35000puffs-3-600x450.jpg 600w\" sizes=\"auto, (max-width: 2560px) 100vw, 2560px\" \/><\/p>\n<p><img loading=\"lazy\" decoding=\"async\" class=\"aligncenter size-full wp-image-567\" src=\"https:\/\/foyovape.com\/wp-content\/uploads\/2025\/06\/35000puffs-2-scaled.jpg\" alt=\"Mirror surface disposable vape with glowing patterns - 35000 puffs rechargeable\" width=\"2560\" height=\"2526\" srcset=\"https:\/\/foyovape.com\/wp-content\/uploads\/2025\/06\/35000puffs-2-scaled.jpg 2560w, https:\/\/foyovape.com\/wp-content\/uploads\/2025\/06\/35000puffs-2-405x400.jpg 405w, https:\/\/foyovape.com\/wp-content\/uploads\/2025\/06\/35000puffs-2-811x800.jpg 811w, https:\/\/foyovape.com\/wp-content\/uploads\/2025\/06\/35000puffs-2-768x758.jpg 768w, https:\/\/foyovape.com\/wp-content\/uploads\/2025\/06\/35000puffs-2-1536x1515.jpg 1536w, https:\/\/foyovape.com\/wp-content\/uploads\/2025\/06\/35000puffs-2-2048x2021.jpg 2048w, https:\/\/foyovape.com\/wp-content\/uploads\/2025\/06\/35000puffs-2-600x592.jpg 600w, https:\/\/foyovape.com\/wp-content\/uploads\/2025\/06\/35000puffs-2-100x100.jpg 100w\" sizes=\"auto, (max-width: 2560px) 100vw, 2560px\" \/><\/p>\n<pre><\/pre>","protected":false},"excerpt":{"rendered":"<p>Mirror Glow 35000 Puffs Disposable Vape &#8211; Experience mesmerizing mirror effects that glow with every puff! This 35000-puff disposable vape features real-time e-liquid\/power display + ice adjustment. Rechargeable Type-C port lasts weeks. Custom branding available for OEM\/ODM orders. Lab-certified safety.<\/p>","protected":false},"featured_media":598,"comment_status":"open","ping_status":"closed","template":"","meta":[],"product_brand":[],"product_cat":[36],"product_tag":[],"class_list":{"0":"post-566","1":"product","2":"type-product","3":"status-publish","4":"has-post-thumbnail","6":"product_cat-disposable-vape","8":"first","9":"instock","10":"shipping-taxable","11":"product-type-simple"},"_links":{"self":[{"href":"https:\/\/foyovape.com\/fr\/wp-json\/wp\/v2\/product\/566","targetHints":{"allow":["GET"]}}],"collection":[{"href":"https:\/\/foyovape.com\/fr\/wp-json\/wp\/v2\/product"}],"about":[{"href":"https:\/\/foyovape.com\/fr\/wp-json\/wp\/v2\/types\/product"}],"replies":[{"embeddable":true,"href":"https:\/\/foyovape.com\/fr\/wp-json\/wp\/v2\/comments?post=566"}],"wp:featuredmedia":[{"embeddable":true,"href":"https:\/\/foyovape.com\/fr\/wp-json\/wp\/v2\/media\/598"}],"wp:attachment":[{"href":"https:\/\/foyovape.com\/fr\/wp-json\/wp\/v2\/media?parent=566"}],"wp:term":[{"taxonomy":"product_brand","embeddable":true,"href":"https:\/\/foyovape.com\/fr\/wp-json\/wp\/v2\/product_brand?post=566"},{"taxonomy":"product_cat","embeddable":true,"href":"https:\/\/foyovape.com\/fr\/wp-json\/wp\/v2\/product_cat?post=566"},{"taxonomy":"product_tag","embeddable":true,"href":"https:\/\/foyovape.com\/fr\/wp-json\/wp\/v2\/product_tag?post=566"}],"curies":[{"name":"wp","href":"https:\/\/api.w.org\/{rel}","templated":true}]}}