{"id":543,"date":"2025-05-30T10:25:33","date_gmt":"2025-05-30T10:25:33","guid":{"rendered":"https:\/\/foyovape.com\/?post_type=product&#038;p=543"},"modified":"2025-07-03T10:49:52","modified_gmt":"2025-07-03T10:49:52","slug":"open-pod-system","status":"publish","type":"product","link":"https:\/\/foyovape.com\/fr\/produit\/open-pod-system\/","title":{"rendered":"Syst\u00e8me de pods ouverts : Sensation de qualit\u00e9 sup\u00e9rieure, flexibilit\u00e9 in\u00e9gal\u00e9e. Rechargez \u00e0 votre guise."},"content":{"rendered":"<p><strong><b>Syst\u00e8me de dosettes ouvertes rechargeables<\/b><\/strong><\/p>\n<p><strong><b>Connexion du pod magn\u00e9tique<\/b><\/strong><\/p>\n<p><strong><b>\u00c9clat et texture uniques de la coque m\u00e9tallique<\/b><\/strong><\/p>\n<p><strong><b>\u00c9cran haute d\u00e9finition<\/b><\/strong><strong><b>\uff1a<\/b><\/strong><strong><b>\u00a0<\/b><\/strong>Interface facile \u00e0 lire pour le contr\u00f4le des param\u00e8tres (puissance probable, batterie)<\/p>\n<p><strong><b>Batterie longue dur\u00e9e :<\/b><\/strong><strong><b>\u00a0&#8211; <\/b><\/strong><strong><b>1300mAh<\/b><\/strong>\u00a0La capacit\u00e9 importante de la batterie permet une utilisation prolong\u00e9e entre les charges, ce qui constitue un avantage pratique essentiel.<\/p>\n<p><img loading=\"lazy\" decoding=\"async\" class=\"aligncenter wp-image-547 size-full\" src=\"https:\/\/foyovape.com\/wp-content\/uploads\/2025\/05\/26c146cac3bc0c7e24263fc774d794b.jpg\" alt=\"Open Pod System\" width=\"1920\" height=\"1159\" srcset=\"https:\/\/foyovape.com\/wp-content\/uploads\/2025\/05\/26c146cac3bc0c7e24263fc774d794b.jpg 1920w, https:\/\/foyovape.com\/wp-content\/uploads\/2025\/05\/26c146cac3bc0c7e24263fc774d794b-663x400.jpg 663w, https:\/\/foyovape.com\/wp-content\/uploads\/2025\/05\/26c146cac3bc0c7e24263fc774d794b-1325x800.jpg 1325w, https:\/\/foyovape.com\/wp-content\/uploads\/2025\/05\/26c146cac3bc0c7e24263fc774d794b-768x464.jpg 768w, https:\/\/foyovape.com\/wp-content\/uploads\/2025\/05\/26c146cac3bc0c7e24263fc774d794b-1536x927.jpg 1536w, https:\/\/foyovape.com\/wp-content\/uploads\/2025\/05\/26c146cac3bc0c7e24263fc774d794b-600x362.jpg 600w\" sizes=\"auto, (max-width: 1920px) 100vw, 1920px\" \/> <img loading=\"lazy\" decoding=\"async\" class=\"aligncenter wp-image-548 size-full\" src=\"https:\/\/foyovape.com\/wp-content\/uploads\/2025\/05\/98f44408b42b5a1e72ba724dae4d472.jpg\" alt=\"Open Pod System\" width=\"1920\" height=\"1159\" srcset=\"https:\/\/foyovape.com\/wp-content\/uploads\/2025\/05\/98f44408b42b5a1e72ba724dae4d472.jpg 1920w, https:\/\/foyovape.com\/wp-content\/uploads\/2025\/05\/98f44408b42b5a1e72ba724dae4d472-663x400.jpg 663w, https:\/\/foyovape.com\/wp-content\/uploads\/2025\/05\/98f44408b42b5a1e72ba724dae4d472-1325x800.jpg 1325w, https:\/\/foyovape.com\/wp-content\/uploads\/2025\/05\/98f44408b42b5a1e72ba724dae4d472-768x464.jpg 768w, https:\/\/foyovape.com\/wp-content\/uploads\/2025\/05\/98f44408b42b5a1e72ba724dae4d472-1536x927.jpg 1536w, https:\/\/foyovape.com\/wp-content\/uploads\/2025\/05\/98f44408b42b5a1e72ba724dae4d472-600x362.jpg 600w\" sizes=\"auto, (max-width: 1920px) 100vw, 1920px\" \/> <img loading=\"lazy\" decoding=\"async\" class=\"aligncenter wp-image-549 size-full\" src=\"https:\/\/foyovape.com\/wp-content\/uploads\/2025\/05\/702af20934888e62ada75a45f71c1bc.jpg\" alt=\"Open Pod System\" width=\"1920\" height=\"1159\" srcset=\"https:\/\/foyovape.com\/wp-content\/uploads\/2025\/05\/702af20934888e62ada75a45f71c1bc.jpg 1920w, https:\/\/foyovape.com\/wp-content\/uploads\/2025\/05\/702af20934888e62ada75a45f71c1bc-663x400.jpg 663w, https:\/\/foyovape.com\/wp-content\/uploads\/2025\/05\/702af20934888e62ada75a45f71c1bc-1325x800.jpg 1325w, https:\/\/foyovape.com\/wp-content\/uploads\/2025\/05\/702af20934888e62ada75a45f71c1bc-768x464.jpg 768w, https:\/\/foyovape.com\/wp-content\/uploads\/2025\/05\/702af20934888e62ada75a45f71c1bc-1536x927.jpg 1536w, https:\/\/foyovape.com\/wp-content\/uploads\/2025\/05\/702af20934888e62ada75a45f71c1bc-600x362.jpg 600w\" sizes=\"auto, (max-width: 1920px) 100vw, 1920px\" \/> <img loading=\"lazy\" decoding=\"async\" class=\"aligncenter wp-image-550 size-full\" src=\"https:\/\/foyovape.com\/wp-content\/uploads\/2025\/05\/db2b7e4397e084288e54af9a314cc10.png\" alt=\"Open Pod System\" width=\"907\" height=\"369\" srcset=\"https:\/\/foyovape.com\/wp-content\/uploads\/2025\/05\/db2b7e4397e084288e54af9a314cc10.png 907w, https:\/\/foyovape.com\/wp-content\/uploads\/2025\/05\/db2b7e4397e084288e54af9a314cc10-800x325.png 800w, https:\/\/foyovape.com\/wp-content\/uploads\/2025\/05\/db2b7e4397e084288e54af9a314cc10-768x312.png 768w, https:\/\/foyovape.com\/wp-content\/uploads\/2025\/05\/db2b7e4397e084288e54af9a314cc10-600x244.png 600w\" sizes=\"auto, (max-width: 907px) 100vw, 907px\" \/> <img loading=\"lazy\" decoding=\"async\" class=\"aligncenter wp-image-551 size-full\" src=\"https:\/\/foyovape.com\/wp-content\/uploads\/2025\/05\/fba37862404545e390b16330b51bdba.jpg\" alt=\"Open Pod System\" width=\"1920\" height=\"1159\" srcset=\"https:\/\/foyovape.com\/wp-content\/uploads\/2025\/05\/fba37862404545e390b16330b51bdba.jpg 1920w, https:\/\/foyovape.com\/wp-content\/uploads\/2025\/05\/fba37862404545e390b16330b51bdba-663x400.jpg 663w, https:\/\/foyovape.com\/wp-content\/uploads\/2025\/05\/fba37862404545e390b16330b51bdba-1325x800.jpg 1325w, https:\/\/foyovape.com\/wp-content\/uploads\/2025\/05\/fba37862404545e390b16330b51bdba-768x464.jpg 768w, https:\/\/foyovape.com\/wp-content\/uploads\/2025\/05\/fba37862404545e390b16330b51bdba-1536x927.jpg 1536w, https:\/\/foyovape.com\/wp-content\/uploads\/2025\/05\/fba37862404545e390b16330b51bdba-600x362.jpg 600w\" sizes=\"auto, (max-width: 1920px) 100vw, 1920px\" \/><\/p>","protected":false},"excerpt":{"rendered":"<p>Refillable Open Pod System Magnetic Pod Connection Unique luster and texture of the metal shell High-Definition Display\uff1a\u00a0Easy-to-read interface for monitoring settings (likely wattage, battery) Long-Lasting Battery:\u00a0&#8211; 1300mAh\u00a0Significant battery capacity for extended use between charges, a key practical benefit.<\/p>","protected":false},"featured_media":601,"comment_status":"open","ping_status":"closed","template":"","meta":[],"product_brand":[],"product_cat":[69],"product_tag":[],"class_list":{"0":"post-543","1":"product","2":"type-product","3":"status-publish","4":"has-post-thumbnail","6":"product_cat-pod-vape-kits","8":"first","9":"instock","10":"shipping-taxable","11":"product-type-simple"},"_links":{"self":[{"href":"https:\/\/foyovape.com\/fr\/wp-json\/wp\/v2\/product\/543","targetHints":{"allow":["GET"]}}],"collection":[{"href":"https:\/\/foyovape.com\/fr\/wp-json\/wp\/v2\/product"}],"about":[{"href":"https:\/\/foyovape.com\/fr\/wp-json\/wp\/v2\/types\/product"}],"replies":[{"embeddable":true,"href":"https:\/\/foyovape.com\/fr\/wp-json\/wp\/v2\/comments?post=543"}],"wp:featuredmedia":[{"embeddable":true,"href":"https:\/\/foyovape.com\/fr\/wp-json\/wp\/v2\/media\/601"}],"wp:attachment":[{"href":"https:\/\/foyovape.com\/fr\/wp-json\/wp\/v2\/media?parent=543"}],"wp:term":[{"taxonomy":"product_brand","embeddable":true,"href":"https:\/\/foyovape.com\/fr\/wp-json\/wp\/v2\/product_brand?post=543"},{"taxonomy":"product_cat","embeddable":true,"href":"https:\/\/foyovape.com\/fr\/wp-json\/wp\/v2\/product_cat?post=543"},{"taxonomy":"product_tag","embeddable":true,"href":"https:\/\/foyovape.com\/fr\/wp-json\/wp\/v2\/product_tag?post=543"}],"curies":[{"name":"wp","href":"https:\/\/api.w.org\/{rel}","templated":true}]}}