{"id":338,"date":"2025-02-25T06:39:53","date_gmt":"2025-02-25T06:39:53","guid":{"rendered":"https:\/\/foyovape.com\/?post_type=product&#038;p=338"},"modified":"2025-07-03T10:05:56","modified_gmt":"2025-07-03T10:05:56","slug":"cbd-vaporizers","status":"publish","type":"product","link":"https:\/\/foyovape.com\/fr\/produit\/cbd-vaporizers\/","title":{"rendered":"Vaporisateur CBD de 900mah avec affichage digital pour batterie 510 pour CBD\/THC\/Wax"},"content":{"rendered":"<ol start=\"1\">\n<li><strong>Vaporisateurs CBD - Compatibilit\u00e9 universelle 510<\/strong><br \/>\n\u25b6 Convient aux cartouches 99% : Fonctionne en toute transparence avec <strong>TOUS les chariots de 14,5 mm et 9,2 mm de diam\u00e8tre<\/strong> - aucun adaptateur n'est n\u00e9cessaire.<\/li>\n<li>\n<p class=\"ds-markdown-paragraph\"><strong>Contr\u00f4le pr\u00e9cis de la tension des vaporisateurs de CBD<\/strong><br \/>\n\u25b6 Smart Triple Voltage (2.8V\/3.4V\/3.8V) + <strong>1,85V Pr\u00e9chauffage<\/strong>: D\u00e9verrouillez l'ar\u00f4me parfait pour toute huile de CBD, des extraits \u00e9pais aux terp\u00e8nes d\u00e9licats.<\/p>\n<\/li>\n<li>\n<p class=\"ds-markdown-paragraph\"><strong>Grande capacit\u00e9 et double activation<\/strong><br \/>\n\u25b6 <strong>Batterie longue dur\u00e9e 900mAh<\/strong>\u00a0+\u00a0<strong>Activation 2 en 1<\/strong> (dessin ou bouton) : Votre compagnon de tous les jours pour des sessions sans effort.<\/p>\n<\/li>\n<li>\n<p class=\"ds-markdown-paragraph\"><strong>Innovation prouv\u00e9e en mati\u00e8re de flux d'air<\/strong><br \/>\n\u25b6 Ing\u00e9nierie <strong>Syst\u00e8me Turbo Airflow<\/strong>: 15 000+ utilisateurs rapportent des tirages plus doux et une vapeur plus riche par rapport aux batteries g\u00e9n\u00e9riques.<\/p>\n<\/li>\n<li>\n<p class=\"ds-markdown-paragraph\"><strong>Fiabilit\u00e9 valid\u00e9e par le march\u00e9<\/strong><br \/>\n\u25b6 <strong>100 000+ unit\u00e9s vendues<\/strong>: La batterie la mieux not\u00e9e par les distributeurs pour des commandes r\u00e9guli\u00e8res - la batterie de r\u00e9f\u00e9rence pour une vaporisation sans probl\u00e8me du CBD.<\/p>\n<\/li>\n<\/ol>\n<p>&nbsp;<\/p>\n<p>&nbsp;<\/p>\n<p><img loading=\"lazy\" decoding=\"async\" class=\"aligncenter wp-image-340 size-full\" src=\"https:\/\/foyovape.com\/wp-content\/uploads\/2025\/02\/Bulk-Battery-Supplier_2.jpg\" alt=\"CBD vaporizers\" width=\"821\" height=\"353\" srcset=\"https:\/\/foyovape.com\/wp-content\/uploads\/2025\/02\/Bulk-Battery-Supplier_2.jpg 821w, https:\/\/foyovape.com\/wp-content\/uploads\/2025\/02\/Bulk-Battery-Supplier_2-800x344.jpg 800w, https:\/\/foyovape.com\/wp-content\/uploads\/2025\/02\/Bulk-Battery-Supplier_2-768x330.jpg 768w, https:\/\/foyovape.com\/wp-content\/uploads\/2025\/02\/Bulk-Battery-Supplier_2-600x258.jpg 600w\" sizes=\"auto, (max-width: 821px) 100vw, 821px\" \/> <img loading=\"lazy\" decoding=\"async\" class=\"aligncenter wp-image-341 size-full\" src=\"https:\/\/foyovape.com\/wp-content\/uploads\/2025\/02\/Bulk-Battery-Supplier_3-scaled.jpg\" alt=\"CBD vaporizers\" width=\"2560\" height=\"1810\" srcset=\"https:\/\/foyovape.com\/wp-content\/uploads\/2025\/02\/Bulk-Battery-Supplier_3-scaled.jpg 2560w, https:\/\/foyovape.com\/wp-content\/uploads\/2025\/02\/Bulk-Battery-Supplier_3-566x400.jpg 566w, https:\/\/foyovape.com\/wp-content\/uploads\/2025\/02\/Bulk-Battery-Supplier_3-1131x800.jpg 1131w, https:\/\/foyovape.com\/wp-content\/uploads\/2025\/02\/Bulk-Battery-Supplier_3-768x543.jpg 768w, https:\/\/foyovape.com\/wp-content\/uploads\/2025\/02\/Bulk-Battery-Supplier_3-1536x1086.jpg 1536w, https:\/\/foyovape.com\/wp-content\/uploads\/2025\/02\/Bulk-Battery-Supplier_3-2048x1448.jpg 2048w, https:\/\/foyovape.com\/wp-content\/uploads\/2025\/02\/Bulk-Battery-Supplier_3-600x424.jpg 600w\" sizes=\"auto, (max-width: 2560px) 100vw, 2560px\" \/> <img loading=\"lazy\" decoding=\"async\" class=\"aligncenter wp-image-342 size-full\" src=\"https:\/\/foyovape.com\/wp-content\/uploads\/2025\/02\/Bulk-Battery-Supplier_4-scaled.jpg\" alt=\"CBD vaporizers\" width=\"2560\" height=\"1440\" srcset=\"https:\/\/foyovape.com\/wp-content\/uploads\/2025\/02\/Bulk-Battery-Supplier_4-scaled.jpg 2560w, https:\/\/foyovape.com\/wp-content\/uploads\/2025\/02\/Bulk-Battery-Supplier_4-711x400.jpg 711w, https:\/\/foyovape.com\/wp-content\/uploads\/2025\/02\/Bulk-Battery-Supplier_4-1400x788.jpg 1400w, https:\/\/foyovape.com\/wp-content\/uploads\/2025\/02\/Bulk-Battery-Supplier_4-768x432.jpg 768w, https:\/\/foyovape.com\/wp-content\/uploads\/2025\/02\/Bulk-Battery-Supplier_4-1536x864.jpg 1536w, https:\/\/foyovape.com\/wp-content\/uploads\/2025\/02\/Bulk-Battery-Supplier_4-2048x1152.jpg 2048w, https:\/\/foyovape.com\/wp-content\/uploads\/2025\/02\/Bulk-Battery-Supplier_4-600x338.jpg 600w\" sizes=\"auto, (max-width: 2560px) 100vw, 2560px\" \/> <img loading=\"lazy\" decoding=\"async\" class=\"aligncenter wp-image-343 size-full\" src=\"https:\/\/foyovape.com\/wp-content\/uploads\/2025\/02\/Bulk-Battery-Supplier_5-scaled.jpg\" alt=\"CBD vaporizers\" width=\"2560\" height=\"1440\" srcset=\"https:\/\/foyovape.com\/wp-content\/uploads\/2025\/02\/Bulk-Battery-Supplier_5-scaled.jpg 2560w, https:\/\/foyovape.com\/wp-content\/uploads\/2025\/02\/Bulk-Battery-Supplier_5-711x400.jpg 711w, https:\/\/foyovape.com\/wp-content\/uploads\/2025\/02\/Bulk-Battery-Supplier_5-1400x788.jpg 1400w, https:\/\/foyovape.com\/wp-content\/uploads\/2025\/02\/Bulk-Battery-Supplier_5-768x432.jpg 768w, https:\/\/foyovape.com\/wp-content\/uploads\/2025\/02\/Bulk-Battery-Supplier_5-1536x864.jpg 1536w, https:\/\/foyovape.com\/wp-content\/uploads\/2025\/02\/Bulk-Battery-Supplier_5-2048x1152.jpg 2048w, https:\/\/foyovape.com\/wp-content\/uploads\/2025\/02\/Bulk-Battery-Supplier_5-600x338.jpg 600w\" sizes=\"auto, (max-width: 2560px) 100vw, 2560px\" \/> <img loading=\"lazy\" decoding=\"async\" class=\"aligncenter wp-image-344 size-full\" src=\"https:\/\/foyovape.com\/wp-content\/uploads\/2025\/02\/Bulk-Battery-Supplier_6-scaled.jpg\" alt=\"CBD vaporizers\" width=\"2560\" height=\"1600\" srcset=\"https:\/\/foyovape.com\/wp-content\/uploads\/2025\/02\/Bulk-Battery-Supplier_6-scaled.jpg 2560w, https:\/\/foyovape.com\/wp-content\/uploads\/2025\/02\/Bulk-Battery-Supplier_6-640x400.jpg 640w, https:\/\/foyovape.com\/wp-content\/uploads\/2025\/02\/Bulk-Battery-Supplier_6-1280x800.jpg 1280w, https:\/\/foyovape.com\/wp-content\/uploads\/2025\/02\/Bulk-Battery-Supplier_6-768x480.jpg 768w, https:\/\/foyovape.com\/wp-content\/uploads\/2025\/02\/Bulk-Battery-Supplier_6-1536x960.jpg 1536w, https:\/\/foyovape.com\/wp-content\/uploads\/2025\/02\/Bulk-Battery-Supplier_6-2048x1280.jpg 2048w, https:\/\/foyovape.com\/wp-content\/uploads\/2025\/02\/Bulk-Battery-Supplier_6-600x375.jpg 600w\" sizes=\"auto, (max-width: 2560px) 100vw, 2560px\" \/> <img loading=\"lazy\" decoding=\"async\" class=\"aligncenter wp-image-345 size-full\" src=\"https:\/\/foyovape.com\/wp-content\/uploads\/2025\/02\/Bulk-Battery-Supplier_7-scaled.jpg\" alt=\"CBD vaporizers\" width=\"2560\" height=\"1810\" srcset=\"https:\/\/foyovape.com\/wp-content\/uploads\/2025\/02\/Bulk-Battery-Supplier_7-scaled.jpg 2560w, https:\/\/foyovape.com\/wp-content\/uploads\/2025\/02\/Bulk-Battery-Supplier_7-566x400.jpg 566w, https:\/\/foyovape.com\/wp-content\/uploads\/2025\/02\/Bulk-Battery-Supplier_7-1131x800.jpg 1131w, https:\/\/foyovape.com\/wp-content\/uploads\/2025\/02\/Bulk-Battery-Supplier_7-768x543.jpg 768w, https:\/\/foyovape.com\/wp-content\/uploads\/2025\/02\/Bulk-Battery-Supplier_7-1536x1086.jpg 1536w, https:\/\/foyovape.com\/wp-content\/uploads\/2025\/02\/Bulk-Battery-Supplier_7-2048x1448.jpg 2048w, https:\/\/foyovape.com\/wp-content\/uploads\/2025\/02\/Bulk-Battery-Supplier_7-600x424.jpg 600w\" sizes=\"auto, (max-width: 2560px) 100vw, 2560px\" \/><\/p>","protected":false},"excerpt":{"rendered":"<p>CBD vaporizers &#8211; Universal 510 Compatibility \u25b6 Fits 99% of cartridges: Seamlessly works with ALL 14.5mm &amp; 9.2mm diameter carts \u2013 no adapter needed. Precision Voltage Control Of CBD vaporizers \u25b6 Smart Triple Voltage (2.8V\/3.4V\/3.8V) + 1.85V Preheat: Unlock perfect flavor for any CBD oil, from thick extracts to delicate terpenes. High-Capacity &amp; Dual Activation [&#8230;]","protected":false},"featured_media":339,"comment_status":"open","ping_status":"closed","template":"","meta":[],"product_brand":[],"product_cat":[15,34],"product_tag":[],"class_list":{"0":"post-338","1":"product","2":"type-product","3":"status-publish","4":"has-post-thumbnail","6":"product_cat-cbd-wax-dry-herb-vaporizers","7":"product_cat-best-sellers","9":"first","10":"instock","11":"shipping-taxable","12":"product-type-simple"},"_links":{"self":[{"href":"https:\/\/foyovape.com\/fr\/wp-json\/wp\/v2\/product\/338","targetHints":{"allow":["GET"]}}],"collection":[{"href":"https:\/\/foyovape.com\/fr\/wp-json\/wp\/v2\/product"}],"about":[{"href":"https:\/\/foyovape.com\/fr\/wp-json\/wp\/v2\/types\/product"}],"replies":[{"embeddable":true,"href":"https:\/\/foyovape.com\/fr\/wp-json\/wp\/v2\/comments?post=338"}],"wp:featuredmedia":[{"embeddable":true,"href":"https:\/\/foyovape.com\/fr\/wp-json\/wp\/v2\/media\/339"}],"wp:attachment":[{"href":"https:\/\/foyovape.com\/fr\/wp-json\/wp\/v2\/media?parent=338"}],"wp:term":[{"taxonomy":"product_brand","embeddable":true,"href":"https:\/\/foyovape.com\/fr\/wp-json\/wp\/v2\/product_brand?post=338"},{"taxonomy":"product_cat","embeddable":true,"href":"https:\/\/foyovape.com\/fr\/wp-json\/wp\/v2\/product_cat?post=338"},{"taxonomy":"product_tag","embeddable":true,"href":"https:\/\/foyovape.com\/fr\/wp-json\/wp\/v2\/product_tag?post=338"}],"curies":[{"name":"wp","href":"https:\/\/api.w.org\/{rel}","templated":true}]}}