{"id":331,"date":"2025-02-25T06:33:52","date_gmt":"2025-02-25T06:33:52","guid":{"rendered":"https:\/\/foyovape.com\/?post_type=product&#038;p=331"},"modified":"2025-07-03T10:42:48","modified_gmt":"2025-07-03T10:42:48","slug":"510-battery","status":"publish","type":"product","link":"https:\/\/foyovape.com\/fr\/produit\/510-battery\/","title":{"rendered":"Batterie 510 de 900mAh pour une compatibilit\u00e9 universelle 510 (9.2MM-14.5MM \/ 2ML)"},"content":{"rendered":"<ol start=\"1\">\n<li>\n<p class=\"ds-markdown-paragraph\"><strong>Batterie 510 - Compatibilit\u00e9 universelle 510<\/strong><br \/>\n\u25b6 Convient aux cartouches 99% : Fonctionne en toute transparence avec <strong>TOUS les chariots de 14,5 mm et 9,2 mm de diam\u00e8tre<\/strong> - aucun adaptateur n'est n\u00e9cessaire.<\/p>\n<\/li>\n<li>\n<p class=\"ds-markdown-paragraph\"><strong>Contr\u00f4le pr\u00e9cis de la tension pour les piles 510<\/strong><br \/>\n\u25b6 Smart Triple Voltage (2.8V\/3.4V\/3.8V) + <strong>1,85V Pr\u00e9chauffage<\/strong>: D\u00e9verrouillez l'ar\u00f4me parfait pour toute huile de CBD, des extraits \u00e9pais aux terp\u00e8nes d\u00e9licats.<\/p>\n<\/li>\n<li>\n<p class=\"ds-markdown-paragraph\"><strong>Grande capacit\u00e9 et double activation\u00a0<\/strong><br \/>\n\u25b6 <strong>Batterie longue dur\u00e9e 900mAh<\/strong>\u00a0+\u00a0<strong>Activation 2 en 1<\/strong> (dessin ou bouton) : Votre compagnon de tous les jours pour des sessions sans effort.<\/p>\n<\/li>\n<li>\n<p class=\"ds-markdown-paragraph\"><strong>Innovation prouv\u00e9e en mati\u00e8re de flux d'air<\/strong><br \/>\n\u25b6 Ing\u00e9nierie <strong>Syst\u00e8me Turbo Airflow<\/strong>: 15 000+ utilisateurs rapportent des tirages plus doux et une vapeur plus riche par rapport aux batteries g\u00e9n\u00e9riques.<\/p>\n<\/li>\n<li>\n<p class=\"ds-markdown-paragraph\"><strong>Fiabilit\u00e9 valid\u00e9e par le march\u00e9<\/strong><br \/>\n\u25b6 <strong>100 000+ unit\u00e9s vendues<\/strong>: La batterie la mieux not\u00e9e par les distributeurs pour des commandes r\u00e9guli\u00e8res - la batterie de r\u00e9f\u00e9rence pour une vaporisation sans probl\u00e8me du CBD.<img loading=\"lazy\" decoding=\"async\" class=\"aligncenter wp-image-337 size-full\" src=\"https:\/\/foyovape.com\/wp-content\/uploads\/2025\/02\/CA001-4-scaled.jpg\" alt=\"510 battery\" width=\"2560\" height=\"1920\" srcset=\"https:\/\/foyovape.com\/wp-content\/uploads\/2025\/02\/CA001-4-scaled.jpg 2560w, https:\/\/foyovape.com\/wp-content\/uploads\/2025\/02\/CA001-4-533x400.jpg 533w, https:\/\/foyovape.com\/wp-content\/uploads\/2025\/02\/CA001-4-1067x800.jpg 1067w, https:\/\/foyovape.com\/wp-content\/uploads\/2025\/02\/CA001-4-768x576.jpg 768w, https:\/\/foyovape.com\/wp-content\/uploads\/2025\/02\/CA001-4-1536x1152.jpg 1536w, https:\/\/foyovape.com\/wp-content\/uploads\/2025\/02\/CA001-4-2048x1536.jpg 2048w, https:\/\/foyovape.com\/wp-content\/uploads\/2025\/02\/CA001-4-600x450.jpg 600w\" sizes=\"auto, (max-width: 2560px) 100vw, 2560px\" \/><img loading=\"lazy\" decoding=\"async\" class=\"aligncenter wp-image-335 size-full\" src=\"https:\/\/foyovape.com\/wp-content\/uploads\/2025\/02\/CA001-2-scaled.jpg\" alt=\"510 battery\" width=\"2560\" height=\"1920\" srcset=\"https:\/\/foyovape.com\/wp-content\/uploads\/2025\/02\/CA001-2-scaled.jpg 2560w, https:\/\/foyovape.com\/wp-content\/uploads\/2025\/02\/CA001-2-533x400.jpg 533w, https:\/\/foyovape.com\/wp-content\/uploads\/2025\/02\/CA001-2-1067x800.jpg 1067w, https:\/\/foyovape.com\/wp-content\/uploads\/2025\/02\/CA001-2-768x576.jpg 768w, https:\/\/foyovape.com\/wp-content\/uploads\/2025\/02\/CA001-2-1536x1152.jpg 1536w, https:\/\/foyovape.com\/wp-content\/uploads\/2025\/02\/CA001-2-2048x1536.jpg 2048w, https:\/\/foyovape.com\/wp-content\/uploads\/2025\/02\/CA001-2-600x450.jpg 600w\" sizes=\"auto, (max-width: 2560px) 100vw, 2560px\" \/><\/p>\n<\/li>\n<\/ol>","protected":false},"excerpt":{"rendered":"<p>510 battery &#8211; Universal 510 Compatibility \u25b6 Fits 99% of cartridges: Seamlessly works with ALL 14.5mm &amp; 9.2mm diameter carts \u2013 no adapter needed. Precision Voltage Control For 510 battery \u25b6 Smart Triple Voltage (2.8V\/3.4V\/3.8V) + 1.85V Preheat: Unlock perfect flavor for any CBD oil, from thick extracts to delicate terpenes. High-Capacity &amp; Dual Activation\u00a0 [&#8230;]","protected":false},"featured_media":332,"comment_status":"open","ping_status":"closed","template":"","meta":[],"product_brand":[],"product_cat":[15],"product_tag":[],"class_list":{"0":"post-331","1":"product","2":"type-product","3":"status-publish","4":"has-post-thumbnail","6":"product_cat-cbd-wax-dry-herb-vaporizers","8":"first","9":"instock","10":"shipping-taxable","11":"product-type-simple"},"_links":{"self":[{"href":"https:\/\/foyovape.com\/fr\/wp-json\/wp\/v2\/product\/331","targetHints":{"allow":["GET"]}}],"collection":[{"href":"https:\/\/foyovape.com\/fr\/wp-json\/wp\/v2\/product"}],"about":[{"href":"https:\/\/foyovape.com\/fr\/wp-json\/wp\/v2\/types\/product"}],"replies":[{"embeddable":true,"href":"https:\/\/foyovape.com\/fr\/wp-json\/wp\/v2\/comments?post=331"}],"wp:featuredmedia":[{"embeddable":true,"href":"https:\/\/foyovape.com\/fr\/wp-json\/wp\/v2\/media\/332"}],"wp:attachment":[{"href":"https:\/\/foyovape.com\/fr\/wp-json\/wp\/v2\/media?parent=331"}],"wp:term":[{"taxonomy":"product_brand","embeddable":true,"href":"https:\/\/foyovape.com\/fr\/wp-json\/wp\/v2\/product_brand?post=331"},{"taxonomy":"product_cat","embeddable":true,"href":"https:\/\/foyovape.com\/fr\/wp-json\/wp\/v2\/product_cat?post=331"},{"taxonomy":"product_tag","embeddable":true,"href":"https:\/\/foyovape.com\/fr\/wp-json\/wp\/v2\/product_tag?post=331"}],"curies":[{"name":"wp","href":"https:\/\/api.w.org\/{rel}","templated":true}]}}