{"id":782,"date":"2025-07-01T10:21:17","date_gmt":"2025-07-01T10:21:17","guid":{"rendered":"https:\/\/foyovape.com\/?post_type=product&#038;p=782"},"modified":"2025-07-01T10:23:25","modified_gmt":"2025-07-01T10:23:25","slug":"disposable-pod-system-reusable-power-bank-30k","status":"publish","type":"product","link":"https:\/\/foyovape.com\/es\/producto\/disposable-pod-system-reusable-power-bank-30k\/","title":{"rendered":"Pod System Desechable \/ Power Bank Reutilizable - 30K Puffs OEM Supply | 850mAh Magnetic Dock, Dual Mode"},"content":{"rendered":"<h2>Pod System desechable - 30.000 caladas<\/h2>\n<h4><strong>Revoluciona tu l\u00ednea de vapeo: Capacidad de 19mL + Cargador reutilizable = Retorno de la inversi\u00f3n inmejorable.<\/strong><br \/>\n\u00bfCansado de los vaporizadores desechables de bajo margen? Nuestro\u00a0<strong>innovador sistema de c\u00e1psulas<\/strong>\u00a0combina un\u00a0<strong>Cartucho desechable de 19 ml con alto contenido en nicotina<\/strong>\u00a0(50 mg) con un\u00a0<strong>bater\u00eda magn\u00e9tica profesional de 850 mAh<\/strong>\u00a0- entrega\u00a0<strong>30.000 bocanadas por unidad<\/strong>\u00a0al tiempo que reduce los costes a largo plazo de sus clientes. Como socio OEM, obtendr\u00e1\u00a0<strong>producto dominante en el mercado<\/strong>\u00a0con una sofisticaci\u00f3n t\u00e9cnica que ning\u00fan desechable gen\u00e9rico puede igualar.<\/h4>\n<table>\n<thead>\n<tr>\n<th><strong>Cartucho desechable<\/strong><\/th>\n<th><strong>Banco de energ\u00eda<\/strong><\/th>\n<\/tr>\n<\/thead>\n<tbody>\n<tr>\n<td><strong>Capacidad<\/strong>: 19mL<\/td>\n<td><strong>Bater\u00eda<\/strong>: 850mAh<\/td>\n<\/tr>\n<tr>\n<td><strong>Nicotina<\/strong>: 50mg (5%)<\/td>\n<td><strong>Cargando<\/strong>: Muelle magn\u00e9tico<\/td>\n<\/tr>\n<tr>\n<td><strong>Puffs<\/strong>: 30K (Normal)\/18K (Boost)<\/td>\n<td><strong>Puerto<\/strong>: Tipo-C superr\u00e1pido<\/td>\n<\/tr>\n<tr>\n<td><strong>Bobina<\/strong>: Malla doble 1.0\u03a9<\/td>\n<td><strong>Reutilizable<\/strong>: 500+ ciclos<\/td>\n<\/tr>\n<tr>\n<td><strong>Flujo de aire<\/strong>: Ajustable<\/td>\n<td><strong>Material<\/strong>: Aviaci\u00f3n Alu<\/td>\n<\/tr>\n<tr>\n<td><strong>Talla<\/strong>: 96x31x27,66mm<\/td>\n<td><strong>Tama\u00f1o Combo<\/strong>: 96\u00d754,58\u00d727,66mm<\/td>\n<\/tr>\n<\/tbody>\n<\/table>\n<p><img loading=\"lazy\" decoding=\"async\" class=\"aligncenter size-full wp-image-785\" src=\"https:\/\/foyovape.com\/wp-content\/uploads\/2025\/07\/\u84dd\u8272-1-1.png\" alt=\"\" width=\"1000\" height=\"1000\" srcset=\"https:\/\/foyovape.com\/wp-content\/uploads\/2025\/07\/\u84dd\u8272-1-1.png 1000w, https:\/\/foyovape.com\/wp-content\/uploads\/2025\/07\/\u84dd\u8272-1-1-400x400.png 400w, https:\/\/foyovape.com\/wp-content\/uploads\/2025\/07\/\u84dd\u8272-1-1-800x800.png 800w, https:\/\/foyovape.com\/wp-content\/uploads\/2025\/07\/\u84dd\u8272-1-1-280x280.png 280w, https:\/\/foyovape.com\/wp-content\/uploads\/2025\/07\/\u84dd\u8272-1-1-768x768.png 768w, https:\/\/foyovape.com\/wp-content\/uploads\/2025\/07\/\u84dd\u8272-1-1-300x300.png 300w, https:\/\/foyovape.com\/wp-content\/uploads\/2025\/07\/\u84dd\u8272-1-1-600x600.png 600w, https:\/\/foyovape.com\/wp-content\/uploads\/2025\/07\/\u84dd\u8272-1-1-100x100.png 100w\" sizes=\"auto, (max-width: 1000px) 100vw, 1000px\" \/><\/p>","protected":false},"excerpt":{"rendered":"<p>Disposable Pod System &#8211; 30,000 puffs Revolutionize Your Vape Line: 19mL Capacity + Reusable Charger = Unbeatable ROI Tired of low-margin disposable vapes? Our\u00a0breakthrough pod system\u00a0combines a\u00a019mL high-nicotine disposable cartridge\u00a0(50mg) with a\u00a0professional 850mAh magnetic power bank\u00a0\u2013 delivering\u00a030,000 puffs per unit\u00a0while slashing your customers&#8217; long-term costs. As an OEM partner, you get a\u00a0market-dominating product\u00a0with technical sophistication [&#8230;]","protected":false},"featured_media":783,"comment_status":"open","ping_status":"closed","template":"","meta":[],"product_brand":[],"product_cat":[36],"product_tag":[],"class_list":{"0":"post-782","1":"product","2":"type-product","3":"status-publish","4":"has-post-thumbnail","6":"product_cat-disposable-vape","8":"first","9":"instock","10":"shipping-taxable","11":"product-type-simple"},"_links":{"self":[{"href":"https:\/\/foyovape.com\/es\/wp-json\/wp\/v2\/product\/782","targetHints":{"allow":["GET"]}}],"collection":[{"href":"https:\/\/foyovape.com\/es\/wp-json\/wp\/v2\/product"}],"about":[{"href":"https:\/\/foyovape.com\/es\/wp-json\/wp\/v2\/types\/product"}],"replies":[{"embeddable":true,"href":"https:\/\/foyovape.com\/es\/wp-json\/wp\/v2\/comments?post=782"}],"wp:featuredmedia":[{"embeddable":true,"href":"https:\/\/foyovape.com\/es\/wp-json\/wp\/v2\/media\/783"}],"wp:attachment":[{"href":"https:\/\/foyovape.com\/es\/wp-json\/wp\/v2\/media?parent=782"}],"wp:term":[{"taxonomy":"product_brand","embeddable":true,"href":"https:\/\/foyovape.com\/es\/wp-json\/wp\/v2\/product_brand?post=782"},{"taxonomy":"product_cat","embeddable":true,"href":"https:\/\/foyovape.com\/es\/wp-json\/wp\/v2\/product_cat?post=782"},{"taxonomy":"product_tag","embeddable":true,"href":"https:\/\/foyovape.com\/es\/wp-json\/wp\/v2\/product_tag?post=782"}],"curies":[{"name":"wp","href":"https:\/\/api.w.org\/{rel}","templated":true}]}}