{"id":770,"date":"2025-07-01T08:29:47","date_gmt":"2025-07-01T08:29:47","guid":{"rendered":"https:\/\/foyovape.com\/?post_type=product&#038;p=770"},"modified":"2025-07-01T08:29:47","modified_gmt":"2025-07-01T08:29:47","slug":"universal-510-thread-battery-for-2-0ml-3-0ml-cbd-vapes","status":"publish","type":"product","link":"https:\/\/foyovape.com\/es\/producto\/universal-510-thread-battery-for-2-0ml-3-0ml-cbd-vapes\/","title":{"rendered":"Bater\u00eda universal de rosca 510 para vaporizadores de CBD de 2.0ml y 3.0ml - 650mAh, 3 ajustes de voltaje (Classic D14xL81mm)"},"content":{"rendered":"<h2>Bater\u00eda universal de rosca 510 - 650mAh para tanques de CBD de 2.0ml\/3.0ml | 3 salidas de voltaje | Tama\u00f1o D14xL81mm<\/h2>\n<ul>\n<li>\n<p class=\"ds-markdown-paragraph\"><strong>Compatibilidad universal:<\/strong>\u00a0Funciona perfectamente con\u00a0<strong>Cartuchos de CBD est\u00e1ndar de 2,0 ml y 3,0 ml<\/strong>\u00a0- la soluci\u00f3n ideal para los usuarios que necesitan m\u00e1s capacidad de la que pueden ofrecer las pilas m\u00e1s peque\u00f1as (0,5 ml\/1,0 ml).<\/p>\n<\/li>\n<li>\n<p class=\"ds-markdown-paragraph\"><strong>\u26a1 Rendimiento optimizado:<\/strong>\u00a0Caracter\u00edsticas\u00a0<strong>3 ajustes de tensi\u00f3n precisos (2,6 V \/ 3,3 V \/ 4,0 V)<\/strong>\u00a0para adaptar la densidad del vapor y el sabor a los diferentes aceites de CBD y preferencias.<\/p>\n<\/li>\n<li>\n<p class=\"ds-markdown-paragraph\"><strong>\u23f1\ufe0f Arranque suave:<\/strong>\u00a0Integrado\u00a0<strong>Funci\u00f3n de precalentamiento de 15 segundos a 1,8 V<\/strong>\u00a0garantiza una mecha perfecta para tus aceites de CBD m\u00e1s espesos para obtener caladas consistentes y satisfactorias desde la primera calada.<\/p>\n<\/li>\n<li>\n<p class=\"ds-markdown-paragraph\"><strong>\ud83d\udd0b Potencia de larga duraci\u00f3n:<\/strong>\u00a0<strong>Bater\u00eda de alta capacidad de 650 mAh<\/strong>\u00a0proporciona un mayor tiempo de uso entre cargas, lo que permite realizar sesiones con tanques m\u00e1s grandes.<\/p>\n<\/li>\n<li>\n<p class=\"ds-markdown-paragraph\"><strong>\ud83c\udfc6 Cl\u00e1sico y fiable:<\/strong>\u00a0En\u00a0<strong>tama\u00f1o probado D14xL81mm<\/strong>\u00a0es un est\u00e1ndar probado en la industria, fabricado seg\u00fan estrictas especificaciones de calidad utilizadas a menudo por marcas l\u00edderes (calidad OEM).<\/p>\n<\/li>\n<li>\n<p class=\"ds-markdown-paragraph\"><strong>\ud83d\udcb0 Valor insuperable:<\/strong>\u00a0Entregamos este\u00a0<strong>Bater\u00eda 510 de calidad premium OEM<\/strong>\u00a0directamente a usted, eliminando al intermediario para ofrecerle\u00a0<strong>rendimiento y durabilidad de primer nivel al precio m\u00e1s competitivo<\/strong>.<\/p>\n<\/li>\n<\/ul>\n<p><img loading=\"lazy\" decoding=\"async\" class=\"aligncenter size-full wp-image-774\" src=\"https:\/\/foyovape.com\/wp-content\/uploads\/2025\/07\/\u573a\u666f\u56fe.png\" alt=\"\" width=\"1000\" height=\"1000\" srcset=\"https:\/\/foyovape.com\/wp-content\/uploads\/2025\/07\/\u573a\u666f\u56fe.png 1000w, https:\/\/foyovape.com\/wp-content\/uploads\/2025\/07\/\u573a\u666f\u56fe-400x400.png 400w, https:\/\/foyovape.com\/wp-content\/uploads\/2025\/07\/\u573a\u666f\u56fe-800x800.png 800w, https:\/\/foyovape.com\/wp-content\/uploads\/2025\/07\/\u573a\u666f\u56fe-280x280.png 280w, https:\/\/foyovape.com\/wp-content\/uploads\/2025\/07\/\u573a\u666f\u56fe-768x768.png 768w, https:\/\/foyovape.com\/wp-content\/uploads\/2025\/07\/\u573a\u666f\u56fe-300x300.png 300w, https:\/\/foyovape.com\/wp-content\/uploads\/2025\/07\/\u573a\u666f\u56fe-600x600.png 600w, https:\/\/foyovape.com\/wp-content\/uploads\/2025\/07\/\u573a\u666f\u56fe-100x100.png 100w\" sizes=\"auto, (max-width: 1000px) 100vw, 1000px\" \/><\/p>","protected":false},"excerpt":{"rendered":"<p>Universal 510 Thread Battery- 650mAh for 2.0ml\/3.0ml CBD Tanks | 3 Voltage Outputs | D14xL81mm Size Universal Compatibility:\u00a0Seamlessly works with\u00a0standard 2.0ml and 3.0ml CBD vape cartridges\u00a0&#8211; the ideal solution for users needing more capacity than smaller batteries (0.5ml\/1.0ml) can handle. \u26a1 Optimized Performance:\u00a0Features\u00a03 precise voltage settings (2.6V \/ 3.3V \/ 4.0V)\u00a0to tailor your vapor density [&#8230;]","protected":false},"featured_media":771,"comment_status":"open","ping_status":"closed","template":"","meta":[],"product_brand":[],"product_cat":[15],"product_tag":[],"class_list":{"0":"post-770","1":"product","2":"type-product","3":"status-publish","4":"has-post-thumbnail","6":"product_cat-cbd-wax-dry-herb-vaporizers","8":"first","9":"instock","10":"shipping-taxable","11":"product-type-simple"},"_links":{"self":[{"href":"https:\/\/foyovape.com\/es\/wp-json\/wp\/v2\/product\/770","targetHints":{"allow":["GET"]}}],"collection":[{"href":"https:\/\/foyovape.com\/es\/wp-json\/wp\/v2\/product"}],"about":[{"href":"https:\/\/foyovape.com\/es\/wp-json\/wp\/v2\/types\/product"}],"replies":[{"embeddable":true,"href":"https:\/\/foyovape.com\/es\/wp-json\/wp\/v2\/comments?post=770"}],"wp:featuredmedia":[{"embeddable":true,"href":"https:\/\/foyovape.com\/es\/wp-json\/wp\/v2\/media\/771"}],"wp:attachment":[{"href":"https:\/\/foyovape.com\/es\/wp-json\/wp\/v2\/media?parent=770"}],"wp:term":[{"taxonomy":"product_brand","embeddable":true,"href":"https:\/\/foyovape.com\/es\/wp-json\/wp\/v2\/product_brand?post=770"},{"taxonomy":"product_cat","embeddable":true,"href":"https:\/\/foyovape.com\/es\/wp-json\/wp\/v2\/product_cat?post=770"},{"taxonomy":"product_tag","embeddable":true,"href":"https:\/\/foyovape.com\/es\/wp-json\/wp\/v2\/product_tag?post=770"}],"curies":[{"name":"wp","href":"https:\/\/api.w.org\/{rel}","templated":true}]}}