{"id":747,"date":"2025-06-23T08:49:54","date_gmt":"2025-06-23T08:49:54","guid":{"rendered":"https:\/\/foyovape.com\/?post_type=product&#038;p=747"},"modified":"2025-07-03T10:27:55","modified_gmt":"2025-07-03T10:27:55","slug":"3-0ml-extra-large-510-ceramic-cartridge-atomizer","status":"publish","type":"product","link":"https:\/\/foyovape.com\/es\/producto\/3-0ml-extra-large-510-ceramic-cartridge-atomizer\/","title":{"rendered":"Atomizador de cartucho cer\u00e1mico 510 extra grande de 3.0ml - 4\u00d71.8mm orificios para aceite, n\u00facleo cer\u00e1mico completo para aceites CBD\/THC"},"content":{"rendered":"<h2><strong>Cartucho Cer\u00e1mico 510 Extra Grande de 3.0ml : Atomizador de Alta Capacidad para Extractos de CBD\/THC<\/strong><\/h2>\n<p class=\"ds-markdown-paragraph\">\u2705\u00a0<strong>Capacidad inigualable de 3,0 ml<\/strong>\u00a0- El mayor volumen de la industria para\u00a0<strong>menos recambios, menos costes<\/strong>.<br \/>\n\u2705\u00a0<strong>100% N\u00facleo cer\u00e1mico<\/strong>\u00a0- Conserva los perfiles de terpenos, elimina el sabor a quemado.<br \/>\n\u2705\u00a0<strong>Thin-Oil Optimizado<\/strong>\u00a0-\u00a0<strong>4 orificios de aceite\u00d81,8 mm<\/strong>\u00a0garantizan una r\u00e1pida absorci\u00f3n de e-l\u00edquidos y destilados de CBD.<br \/>\n\u2705\u00a0<strong>Dise\u00f1o LeakLock<\/strong>\u00a0- Los conectores de triple sellado evitan derrames sucios.<br \/>\n\u2705\u00a0<strong>Rosca universal 510<\/strong>\u00a0- Funciona con todas las bater\u00edas est\u00e1ndar de bol\u00edgrafos CBD\/THC.<\/p>\n<p class=\"ds-markdown-paragraph\"><strong>Especificaciones t\u00e9cnicas:<\/strong><\/p>\n<ul>\n<li>\n<p class=\"ds-markdown-paragraph\"><strong>Capacidad<\/strong>: 3,0 ml (\u00a13 veces la media del sector!)<\/p>\n<\/li>\n<li>\n<p class=\"ds-markdown-paragraph\"><strong>Agujeros de aceite<\/strong>: 4 \u00d7 \u23001,8 mm (ideal para viscosidad &lt; 800 cPs)<\/p>\n<\/li>\n<li>\n<p class=\"ds-markdown-paragraph\"><strong>N\u00facleo<\/strong>: Cer\u00e1mica m\u00e9dica<\/p>\n<\/li>\n<li>\n<p class=\"ds-markdown-paragraph\"><strong>Dep\u00f3sito<\/strong>: PCTG ultratransparente (resistente a las grietas)<\/p>\n<\/li>\n<li>\n<p class=\"ds-markdown-paragraph\"><strong>Base<\/strong>: Rosca 510 dorada<\/p>\n<\/li>\n<\/ul>\n<p><img loading=\"lazy\" decoding=\"async\" class=\"aligncenter size-full wp-image-750\" src=\"https:\/\/foyovape.com\/wp-content\/uploads\/2025\/06\/\u7ec4\u5408\u56fe-.png\" alt=\"\" width=\"1000\" height=\"1000\" srcset=\"https:\/\/foyovape.com\/wp-content\/uploads\/2025\/06\/\u7ec4\u5408\u56fe-.png 1000w, https:\/\/foyovape.com\/wp-content\/uploads\/2025\/06\/\u7ec4\u5408\u56fe--400x400.png 400w, https:\/\/foyovape.com\/wp-content\/uploads\/2025\/06\/\u7ec4\u5408\u56fe--800x800.png 800w, https:\/\/foyovape.com\/wp-content\/uploads\/2025\/06\/\u7ec4\u5408\u56fe--280x280.png 280w, https:\/\/foyovape.com\/wp-content\/uploads\/2025\/06\/\u7ec4\u5408\u56fe--768x768.png 768w, https:\/\/foyovape.com\/wp-content\/uploads\/2025\/06\/\u7ec4\u5408\u56fe--300x300.png 300w, https:\/\/foyovape.com\/wp-content\/uploads\/2025\/06\/\u7ec4\u5408\u56fe--600x600.png 600w, https:\/\/foyovape.com\/wp-content\/uploads\/2025\/06\/\u7ec4\u5408\u56fe--100x100.png 100w\" sizes=\"auto, (max-width: 1000px) 100vw, 1000px\" \/><\/p>\n<p>&nbsp;<\/p>","protected":false},"excerpt":{"rendered":"<p>3.0ml Extra Large 510 Ceramic Cartridge : High-Capacity Atomizer for CBD\/THC Extracts \u2705\u00a0Unmatched 3.0ml Capacity\u00a0\u2013 Industry\u2019s largest volume for\u00a0fewer refills, lower costs. \u2705\u00a0100% Ceramic Core\u00a0\u2013 Preserves terpene profiles, eliminates burnt taste. \u2705\u00a0Thin-Oil Optimized\u00a0\u2013\u00a04x\u00d81.8mm oil holes\u00a0ensure rapid wicking for CBD e-liquids &amp; distillates. \u2705\u00a0LeakLock\u2122 Design\u00a0\u2013 Triple-sealed connectors prevent messy spills. \u2705\u00a0510 Universal Thread\u00a0\u2013 Works with all [&#8230;]","protected":false},"featured_media":748,"comment_status":"open","ping_status":"closed","template":"","meta":[],"product_brand":[],"product_cat":[15],"product_tag":[],"class_list":{"0":"post-747","1":"product","2":"type-product","3":"status-publish","4":"has-post-thumbnail","6":"product_cat-cbd-wax-dry-herb-vaporizers","8":"first","9":"instock","10":"shipping-taxable","11":"product-type-simple"},"_links":{"self":[{"href":"https:\/\/foyovape.com\/es\/wp-json\/wp\/v2\/product\/747","targetHints":{"allow":["GET"]}}],"collection":[{"href":"https:\/\/foyovape.com\/es\/wp-json\/wp\/v2\/product"}],"about":[{"href":"https:\/\/foyovape.com\/es\/wp-json\/wp\/v2\/types\/product"}],"replies":[{"embeddable":true,"href":"https:\/\/foyovape.com\/es\/wp-json\/wp\/v2\/comments?post=747"}],"wp:featuredmedia":[{"embeddable":true,"href":"https:\/\/foyovape.com\/es\/wp-json\/wp\/v2\/media\/748"}],"wp:attachment":[{"href":"https:\/\/foyovape.com\/es\/wp-json\/wp\/v2\/media?parent=747"}],"wp:term":[{"taxonomy":"product_brand","embeddable":true,"href":"https:\/\/foyovape.com\/es\/wp-json\/wp\/v2\/product_brand?post=747"},{"taxonomy":"product_cat","embeddable":true,"href":"https:\/\/foyovape.com\/es\/wp-json\/wp\/v2\/product_cat?post=747"},{"taxonomy":"product_tag","embeddable":true,"href":"https:\/\/foyovape.com\/es\/wp-json\/wp\/v2\/product_tag?post=747"}],"curies":[{"name":"wp","href":"https:\/\/api.w.org\/{rel}","templated":true}]}}