{"id":737,"date":"2025-06-23T04:39:07","date_gmt":"2025-06-23T04:39:07","guid":{"rendered":"https:\/\/foyovape.com\/?post_type=product&#038;p=737"},"modified":"2025-07-03T10:45:09","modified_gmt":"2025-07-03T10:45:09","slug":"510-thread-ceramic-cartridge-atomizer","status":"publish","type":"product","link":"https:\/\/foyovape.com\/es\/producto\/510-thread-ceramic-cartridge-atomizer\/","title":{"rendered":"Atomizador de cartucho cer\u00e1mico con rosca 510 para aceite de CBD\/THC - Tanque de 0.5ml\/1.0ml, orificios para aceite de 4\u00d71.8mm o 4\u00d72.0mm, poste cer\u00e1mico completo"},"content":{"rendered":"<h2><strong>Atomizador de cartucho cer\u00e1mico con rosca 510 para aceites CBD\/THC<\/strong><\/h2>\n<p class=\"ds-markdown-paragraph\"><strong>Caracter\u00edsticas principales:<\/strong><br \/>\n\u2714\u00a0<strong>Puesto Cer\u00e1mico Completo<\/strong>\u00a0- Mejora la retenci\u00f3n del sabor y evita el sabor a quemado (frente a los postes met\u00e1licos).<br \/>\n\u2714 <strong>Tama\u00f1os de los orificios de aceite<\/strong>\u00a0-\u00a0<strong>4\u00d71,8 mm (para aceites m\u00e1s finos) o 4\u00d72,0 mm (para concentrados m\u00e1s gruesos)<\/strong>.<br \/>\n\u2714\u00a0<strong>Dise\u00f1o resistente a las fugas<\/strong>\u00a0- La ingenier\u00eda de precisi\u00f3n minimiza los residuos.<br \/>\n\u2714\u00a0<strong>Opciones de doble capacidad<\/strong>\u00a0-\u00a0<strong>0,5 ml o 1,0 ml (recargable)<\/strong>.<br \/>\n\u2714\u00a0<strong>Rosca universal 510<\/strong>\u00a0- Se adapta a la mayor\u00eda de las bater\u00edas para vapear CBD\/THC.<\/p>\n<p class=\"ds-markdown-paragraph\"><strong>Especificaciones t\u00e9cnicas:<\/strong><\/p>\n<ul>\n<li>\n<p class=\"ds-markdown-paragraph\"><strong>Material<\/strong>: Cer\u00e1mica (poste) + PCTG\/Vidrio (dep\u00f3sito).<\/p>\n<\/li>\n<li>\n<p class=\"ds-markdown-paragraph\"><strong>Agujeros de aceite<\/strong>: 4\u00d71,8 mm o 4\u00d72,0 mm (personalizable para pedidos OEM).<\/p>\n<\/li>\n<li>\n<p class=\"ds-markdown-paragraph\"><strong>Tipo de hilo<\/strong>: Est\u00e1ndar 510.<\/p>\n<\/li>\n<\/ul>\n<p><img loading=\"lazy\" decoding=\"async\" class=\"aligncenter size-full wp-image-740\" src=\"https:\/\/foyovape.com\/wp-content\/uploads\/2025\/06\/\u660e\u7ec6\u56fe-.png\" alt=\"\" width=\"1000\" height=\"1000\" srcset=\"https:\/\/foyovape.com\/wp-content\/uploads\/2025\/06\/\u660e\u7ec6\u56fe-.png 1000w, https:\/\/foyovape.com\/wp-content\/uploads\/2025\/06\/\u660e\u7ec6\u56fe--400x400.png 400w, https:\/\/foyovape.com\/wp-content\/uploads\/2025\/06\/\u660e\u7ec6\u56fe--800x800.png 800w, https:\/\/foyovape.com\/wp-content\/uploads\/2025\/06\/\u660e\u7ec6\u56fe--280x280.png 280w, https:\/\/foyovape.com\/wp-content\/uploads\/2025\/06\/\u660e\u7ec6\u56fe--768x768.png 768w, https:\/\/foyovape.com\/wp-content\/uploads\/2025\/06\/\u660e\u7ec6\u56fe--300x300.png 300w, https:\/\/foyovape.com\/wp-content\/uploads\/2025\/06\/\u660e\u7ec6\u56fe--600x600.png 600w, https:\/\/foyovape.com\/wp-content\/uploads\/2025\/06\/\u660e\u7ec6\u56fe--100x100.png 100w\" sizes=\"auto, (max-width: 1000px) 100vw, 1000px\" \/><\/p>","protected":false},"excerpt":{"rendered":"<p>510 Thread Ceramic Cartridge Atomizer for CBD\/THC Oils Key Features: \u2714\u00a0Full Ceramic Post\u00a0\u2013 Enhances flavor retention and prevents burnt tastes (vs. metal posts). \u2714 Oil Hole Sizes\u00a0\u2013\u00a04&#215;1.8mm (for thinner oils) or 4&#215;2.0mm (for thicker concentrates). \u2714\u00a0Leak-Resistant Design\u00a0\u2013 Precision engineering minimizes waste. \u2714\u00a0Dual Capacity Options\u00a0\u2013\u00a00.5ml\u00a0 or 1.0ml (refillable). \u2714\u00a0Universal 510 Thread\u00a0\u2013 Fits most CBD\/THC vape batteries. [&#8230;]","protected":false},"featured_media":739,"comment_status":"open","ping_status":"closed","template":"","meta":[],"product_brand":[],"product_cat":[15],"product_tag":[],"class_list":{"0":"post-737","1":"product","2":"type-product","3":"status-publish","4":"has-post-thumbnail","6":"product_cat-cbd-wax-dry-herb-vaporizers","8":"first","9":"instock","10":"shipping-taxable","11":"product-type-simple"},"_links":{"self":[{"href":"https:\/\/foyovape.com\/es\/wp-json\/wp\/v2\/product\/737","targetHints":{"allow":["GET"]}}],"collection":[{"href":"https:\/\/foyovape.com\/es\/wp-json\/wp\/v2\/product"}],"about":[{"href":"https:\/\/foyovape.com\/es\/wp-json\/wp\/v2\/types\/product"}],"replies":[{"embeddable":true,"href":"https:\/\/foyovape.com\/es\/wp-json\/wp\/v2\/comments?post=737"}],"wp:featuredmedia":[{"embeddable":true,"href":"https:\/\/foyovape.com\/es\/wp-json\/wp\/v2\/media\/739"}],"wp:attachment":[{"href":"https:\/\/foyovape.com\/es\/wp-json\/wp\/v2\/media?parent=737"}],"wp:term":[{"taxonomy":"product_brand","embeddable":true,"href":"https:\/\/foyovape.com\/es\/wp-json\/wp\/v2\/product_brand?post=737"},{"taxonomy":"product_cat","embeddable":true,"href":"https:\/\/foyovape.com\/es\/wp-json\/wp\/v2\/product_cat?post=737"},{"taxonomy":"product_tag","embeddable":true,"href":"https:\/\/foyovape.com\/es\/wp-json\/wp\/v2\/product_tag?post=737"}],"curies":[{"name":"wp","href":"https:\/\/api.w.org\/{rel}","templated":true}]}}