{"id":723,"date":"2025-06-20T10:30:14","date_gmt":"2025-06-20T10:30:14","guid":{"rendered":"https:\/\/foyovape.com\/?post_type=product&#038;p=723"},"modified":"2025-07-03T10:20:20","modified_gmt":"2025-07-03T10:20:20","slug":"portable-dry-herb-vaporizer","status":"publish","type":"product","link":"https:\/\/foyovape.com\/es\/producto\/portable-dry-herb-vaporizer\/","title":{"rendered":"Vaporizador port\u00e1til de hierbas secas con c\u00e1mara de cer\u00e1mica y pantalla HD | Carga r\u00e1pida USB-C | Bater\u00eda de 1300mAh"},"content":{"rendered":"<h2>Vaporizador de Hierba Seca Port\u00e1til - Vaporizador de Hierba Seca Port\u00e1til<\/h2>\n<p>Presentamos el primer vaporizador de hierbas secas mejorado con vapor del mundo que incorpora la tecnolog\u00eda de calentamiento cer\u00e1mica m\u00e1s avanzada. Con su cuerpo ergon\u00f3mico dise\u00f1ado en 3D y sistemas de protecci\u00f3n de grado militar, esta potencia port\u00e1til ofrece vapor puro y sabroso dondequiera que la vida te lleve.<\/p>\n<p class=\"ds-markdown-paragraph\"><strong>Caracter\u00edsticas principales<\/strong><br \/>\n\u2705\u00a0<strong>C\u00e1mara calefactora de cer\u00e1mica pura<\/strong><\/p>\n<ul>\n<li>\n<p class=\"ds-markdown-paragraph\">El elemento calefactor cer\u00e1mico de 0,5ohm conserva los terpenos<\/p>\n<\/li>\n<li>\n<p class=\"ds-markdown-paragraph\">Sin regusto met\u00e1lico, extracci\u00f3n de sabor puro<\/p>\n<\/li>\n<\/ul>\n<p class=\"ds-markdown-paragraph\">\u2705\u00a0<strong>Pantalla HD inteligente y control<\/strong><\/p>\n<ul>\n<li>\n<p class=\"ds-markdown-paragraph\">Control de la temperatura en tiempo real<\/p>\n<\/li>\n<li>\n<p class=\"ds-markdown-paragraph\">Ajustes de sesi\u00f3n personalizables<\/p>\n<\/li>\n<\/ul>\n<p class=\"ds-markdown-paragraph\">\u2705\u00a0<strong>Carga r\u00e1pida USB-C<\/strong><\/p>\n<ul>\n<li>\n<p class=\"ds-markdown-paragraph\">Tecnolog\u00eda de carga r\u00e1pida 1A\/5V<\/p>\n<\/li>\n<li>\n<p class=\"ds-markdown-paragraph\">Bater\u00eda de alto drenaje de 1300mAh (descarga de 10C \uff09<\/p>\n<\/li>\n<\/ul>\n<p class=\"ds-markdown-paragraph\">\u2705\u00a0<strong>Ingenier\u00eda de seguridad avanzada<\/strong><\/p>\n<ul>\n<li>\n<p class=\"ds-markdown-paragraph\">Sistema de protecci\u00f3n cu\u00e1druple: Cortocircuito\/Baja tensi\u00f3n\/Sobreintensidad\/Cortocircuito de salida<\/p>\n<\/li>\n<\/ul>\n<p class=\"ds-markdown-paragraph\">\u2705\u00a0<strong>Control de temperatura de precisi\u00f3n<\/strong><\/p>\n<ul>\n<li>\n<p class=\"ds-markdown-paragraph\">Amplia gama: 300\u00b0F-435\u00b0F \/ 149\u00b0C-224\u00b0C<\/p>\n<\/li>\n<li>\n<p class=\"ds-markdown-paragraph\">Calentamiento en 40 segundos hasta la temperatura m\u00e1xima<\/p>\n<\/li>\n<\/ul>\n<p><img loading=\"lazy\" decoding=\"async\" class=\"aligncenter size-full wp-image-730\" src=\"https:\/\/foyovape.com\/wp-content\/uploads\/2025\/06\/Dry-Herb-Vaporizer.png\" alt=\"portable-dry-herb-vaporizer-ceramic-chamber-hd-display\" width=\"1000\" height=\"1000\" srcset=\"https:\/\/foyovape.com\/wp-content\/uploads\/2025\/06\/Dry-Herb-Vaporizer.png 1000w, https:\/\/foyovape.com\/wp-content\/uploads\/2025\/06\/Dry-Herb-Vaporizer-400x400.png 400w, https:\/\/foyovape.com\/wp-content\/uploads\/2025\/06\/Dry-Herb-Vaporizer-800x800.png 800w, https:\/\/foyovape.com\/wp-content\/uploads\/2025\/06\/Dry-Herb-Vaporizer-280x280.png 280w, https:\/\/foyovape.com\/wp-content\/uploads\/2025\/06\/Dry-Herb-Vaporizer-768x768.png 768w, https:\/\/foyovape.com\/wp-content\/uploads\/2025\/06\/Dry-Herb-Vaporizer-300x300.png 300w, https:\/\/foyovape.com\/wp-content\/uploads\/2025\/06\/Dry-Herb-Vaporizer-600x600.png 600w, https:\/\/foyovape.com\/wp-content\/uploads\/2025\/06\/Dry-Herb-Vaporizer-100x100.png 100w\" sizes=\"auto, (max-width: 1000px) 100vw, 1000px\" \/><\/p>\n<p><img loading=\"lazy\" decoding=\"async\" class=\"aligncenter size-full wp-image-731\" src=\"https:\/\/foyovape.com\/wp-content\/uploads\/2025\/06\/\u672a\u547d\u540d\u7684\u8bbe\u8ba1-2-1.png\" alt=\"vaporizer-temperature-control-300F-435F\" width=\"1000\" height=\"1000\" srcset=\"https:\/\/foyovape.com\/wp-content\/uploads\/2025\/06\/\u672a\u547d\u540d\u7684\u8bbe\u8ba1-2-1.png 1000w, https:\/\/foyovape.com\/wp-content\/uploads\/2025\/06\/\u672a\u547d\u540d\u7684\u8bbe\u8ba1-2-1-400x400.png 400w, https:\/\/foyovape.com\/wp-content\/uploads\/2025\/06\/\u672a\u547d\u540d\u7684\u8bbe\u8ba1-2-1-800x800.png 800w, https:\/\/foyovape.com\/wp-content\/uploads\/2025\/06\/\u672a\u547d\u540d\u7684\u8bbe\u8ba1-2-1-280x280.png 280w, https:\/\/foyovape.com\/wp-content\/uploads\/2025\/06\/\u672a\u547d\u540d\u7684\u8bbe\u8ba1-2-1-768x768.png 768w, https:\/\/foyovape.com\/wp-content\/uploads\/2025\/06\/\u672a\u547d\u540d\u7684\u8bbe\u8ba1-2-1-300x300.png 300w, https:\/\/foyovape.com\/wp-content\/uploads\/2025\/06\/\u672a\u547d\u540d\u7684\u8bbe\u8ba1-2-1-600x600.png 600w, https:\/\/foyovape.com\/wp-content\/uploads\/2025\/06\/\u672a\u547d\u540d\u7684\u8bbe\u8ba1-2-1-100x100.png 100w\" sizes=\"auto, (max-width: 1000px) 100vw, 1000px\" \/><\/p>","protected":false},"excerpt":{"rendered":"<p>Portable Dry Herb Vaporizer &#8211; Portable Dry Herb Vaporizer Introducing the world&#8217;s first steam-enhanced dry herb vaporizer featuring cutting-edge ceramic heating technology. With its ergonomic 3D-designed body and military-grade protection systems, this portable powerhouse delivers pure, flavorful vapor wherever life takes you. Key Features \u2705\u00a0Pure Ceramic Heating Chamber 0.5ohm ceramic heating element preserves terpenes Zero [&#8230;]","protected":false},"featured_media":724,"comment_status":"open","ping_status":"closed","template":"","meta":[],"product_brand":[],"product_cat":[15],"product_tag":[],"class_list":{"0":"post-723","1":"product","2":"type-product","3":"status-publish","4":"has-post-thumbnail","6":"product_cat-cbd-wax-dry-herb-vaporizers","8":"first","9":"instock","10":"shipping-taxable","11":"product-type-simple"},"_links":{"self":[{"href":"https:\/\/foyovape.com\/es\/wp-json\/wp\/v2\/product\/723","targetHints":{"allow":["GET"]}}],"collection":[{"href":"https:\/\/foyovape.com\/es\/wp-json\/wp\/v2\/product"}],"about":[{"href":"https:\/\/foyovape.com\/es\/wp-json\/wp\/v2\/types\/product"}],"replies":[{"embeddable":true,"href":"https:\/\/foyovape.com\/es\/wp-json\/wp\/v2\/comments?post=723"}],"wp:featuredmedia":[{"embeddable":true,"href":"https:\/\/foyovape.com\/es\/wp-json\/wp\/v2\/media\/724"}],"wp:attachment":[{"href":"https:\/\/foyovape.com\/es\/wp-json\/wp\/v2\/media?parent=723"}],"wp:term":[{"taxonomy":"product_brand","embeddable":true,"href":"https:\/\/foyovape.com\/es\/wp-json\/wp\/v2\/product_brand?post=723"},{"taxonomy":"product_cat","embeddable":true,"href":"https:\/\/foyovape.com\/es\/wp-json\/wp\/v2\/product_cat?post=723"},{"taxonomy":"product_tag","embeddable":true,"href":"https:\/\/foyovape.com\/es\/wp-json\/wp\/v2\/product_tag?post=723"}],"curies":[{"name":"wp","href":"https:\/\/api.w.org\/{rel}","templated":true}]}}