{"id":617,"date":"2025-06-18T09:23:09","date_gmt":"2025-06-18T09:23:09","guid":{"rendered":"https:\/\/foyovape.com\/?post_type=product&#038;p=617"},"modified":"2025-07-03T10:22:38","modified_gmt":"2025-07-03T10:22:38","slug":"smartscreen-3ml-disposable-cbd-vape","status":"publish","type":"product","link":"https:\/\/foyovape.com\/es\/producto\/smartscreen-3ml-disposable-cbd-vape\/","title":{"rendered":"SmartScreen\u2122 3ml Desechable CBD Vape: Pantalla de bater\u00eda y voltaje"},"content":{"rendered":"<h2>SmartScreen\u2122 3ml CBD Vape Desechable -Revoluciona tu experiencia con el CBD.<\/h2>\n<p class=\"ds-markdown-paragraph\"><strong>Por qu\u00e9 este vaporizador desechable destaca:<\/strong><\/p>\n<ol start=\"1\">\n<li>\n<p class=\"ds-markdown-paragraph\"><strong>Capacidad masiva de 3ml de CBD:<\/strong>\u00a0Olv\u00eddese de las sustituciones frecuentes Disfrute de\u00a0<strong>3-6 veces<\/strong>\u00a0la capacidad del e-l\u00edquido de CBD en comparaci\u00f3n con los t\u00edpicos desechables (0,5ml\/1ml). Esto significa un disfrute significativamente m\u00e1s duradero y una relaci\u00f3n calidad-precio inmejorable. Perfecto para los usuarios de todo el d\u00eda o aquellos que buscan un uso prolongado.<\/p>\n<\/li>\n<li>\n<p class=\"ds-markdown-paragraph\"><strong>Pantalla inteligente LCD n\u00edtida:<\/strong>\u00a0Desbloquee un control sin precedentes. El sistema integrado\u00a0<strong>Pantalla LCD<\/strong>\u00a0proporciona informaci\u00f3n en tiempo real y de un vistazo sobre su:<\/p>\n<ul>\n<li>\n<p class=\"ds-markdown-paragraph\"><strong>Duraci\u00f3n de la bater\u00eda:<\/strong>\u00a0Vea exactamente cu\u00e1nta potencia queda (porcentaje o icono), eliminando las conjeturas y la p\u00e9rdida repentina de potencia. Que nunca te pillen desprevenido.<\/p>\n<\/li>\n<li>\n<p class=\"ds-markdown-paragraph\"><strong>Tensi\u00f3n de funcionamiento:<\/strong>\u00a0Controla la salida de voltaje constante, garantizando un rendimiento y una calidad de vapor \u00f3ptimos durante toda la vida \u00fatil del bol\u00edgrafo. Sepa que funciona a la perfecci\u00f3n.<\/p>\n<\/li>\n<\/ul>\n<\/li>\n<li>\n<p class=\"ds-markdown-paragraph\"><strong>Logotipo personalizado en pantalla (punto de venta \u00fanico):<\/strong>\u00a0H\u00e1galo verdaderamente suyo o mejore la presencia de su marca.\u00a0<strong>Ofrecemos la personalizaci\u00f3n del logotipo directamente en la propia pantalla LCD.<\/strong>\u00a0No se trata de una simple etiqueta en la carrocer\u00eda, sino de una soluci\u00f3n de marca integrada de alta tecnolog\u00eda visible cada vez que comprueba la bater\u00eda. Destaca entre la multitud con esta innovadora funci\u00f3n.<\/p>\n<\/li>\n<\/ol>\n<p><img loading=\"lazy\" decoding=\"async\" class=\"aligncenter size-full wp-image-619\" src=\"https:\/\/foyovape.com\/wp-content\/uploads\/2025\/06\/Disposable-CBD-PEN.png\" alt=\"Close-up of LCD Display on CBD Disposable Pen showing voltage and battery percentage\" width=\"1000\" height=\"1000\" srcset=\"https:\/\/foyovape.com\/wp-content\/uploads\/2025\/06\/Disposable-CBD-PEN.png 1000w, https:\/\/foyovape.com\/wp-content\/uploads\/2025\/06\/Disposable-CBD-PEN-400x400.png 400w, https:\/\/foyovape.com\/wp-content\/uploads\/2025\/06\/Disposable-CBD-PEN-800x800.png 800w, https:\/\/foyovape.com\/wp-content\/uploads\/2025\/06\/Disposable-CBD-PEN-280x280.png 280w, https:\/\/foyovape.com\/wp-content\/uploads\/2025\/06\/Disposable-CBD-PEN-768x768.png 768w, https:\/\/foyovape.com\/wp-content\/uploads\/2025\/06\/Disposable-CBD-PEN-300x300.png 300w, https:\/\/foyovape.com\/wp-content\/uploads\/2025\/06\/Disposable-CBD-PEN-600x600.png 600w, https:\/\/foyovape.com\/wp-content\/uploads\/2025\/06\/Disposable-CBD-PEN-100x100.png 100w\" sizes=\"auto, (max-width: 1000px) 100vw, 1000px\" \/><\/p>","protected":false},"excerpt":{"rendered":"<p>SmartScreen\u2122 3ml Disposable CBD Vape -Revolutionize Your CBD Experience Why This Disposable Vape Pen Stands Out: Massive 3ml CBD Capacity:\u00a0Ditch frequent replacements! Enjoy\u00a03-6 times\u00a0the CBD e-liquid capacity compared to typical disposables (0.5ml\/1ml). This means significantly longer-lasting enjoyment and unbeatable value for money. Perfect for all-day users or those seeking extended use. Clear LCD Smart Screen:\u00a0Unlock [&#8230;]","protected":false},"featured_media":618,"comment_status":"open","ping_status":"closed","template":"","meta":[],"product_brand":[],"product_cat":[15],"product_tag":[],"class_list":{"0":"post-617","1":"product","2":"type-product","3":"status-publish","4":"has-post-thumbnail","6":"product_cat-cbd-wax-dry-herb-vaporizers","8":"first","9":"instock","10":"shipping-taxable","11":"product-type-simple"},"_links":{"self":[{"href":"https:\/\/foyovape.com\/es\/wp-json\/wp\/v2\/product\/617","targetHints":{"allow":["GET"]}}],"collection":[{"href":"https:\/\/foyovape.com\/es\/wp-json\/wp\/v2\/product"}],"about":[{"href":"https:\/\/foyovape.com\/es\/wp-json\/wp\/v2\/types\/product"}],"replies":[{"embeddable":true,"href":"https:\/\/foyovape.com\/es\/wp-json\/wp\/v2\/comments?post=617"}],"wp:featuredmedia":[{"embeddable":true,"href":"https:\/\/foyovape.com\/es\/wp-json\/wp\/v2\/media\/618"}],"wp:attachment":[{"href":"https:\/\/foyovape.com\/es\/wp-json\/wp\/v2\/media?parent=617"}],"wp:term":[{"taxonomy":"product_brand","embeddable":true,"href":"https:\/\/foyovape.com\/es\/wp-json\/wp\/v2\/product_brand?post=617"},{"taxonomy":"product_cat","embeddable":true,"href":"https:\/\/foyovape.com\/es\/wp-json\/wp\/v2\/product_cat?post=617"},{"taxonomy":"product_tag","embeddable":true,"href":"https:\/\/foyovape.com\/es\/wp-json\/wp\/v2\/product_tag?post=617"}],"curies":[{"name":"wp","href":"https:\/\/api.w.org\/{rel}","templated":true}]}}