{"id":590,"date":"2025-06-12T11:32:28","date_gmt":"2025-06-12T11:32:28","guid":{"rendered":"https:\/\/foyovape.com\/?post_type=product&#038;p=590"},"modified":"2025-07-03T10:30:09","modified_gmt":"2025-07-03T10:30:09","slug":"disposable-dab-pen","status":"publish","type":"product","link":"https:\/\/foyovape.com\/es\/producto\/disposable-dab-pen\/","title":{"rendered":"Bol\u00edgrafo Dab desechable - N\u00facleo de cer\u00e1mica, 3 ajustes de voltaje y USB-C r\u00e1pido"},"content":{"rendered":"<h2>Bol\u00edgrafo Dab desechable - Tecnolog\u00eda VeriMesh de cer\u00e1mica: 20% Mayor duraci\u00f3n de la bobina, sin sabor a quemado<\/h2>\n<pre>\u00a1Descubre la revoluci\u00f3n del bol\u00edgrafo dab!\r\nEl n\u00facleo cer\u00e1mico VeriMesh proporciona un sabor puro en un dispositivo desechable.\r\n\u2605 3 ajustes de voltaje (2.4V-3.2V)\r\nDep\u00f3sito de aceite visible\r\nCarga r\u00e1pida USB-C\r\n\u2605 Bater\u00eda de 350mAh. Marca personalizada OEM disponible. Seguridad certificada por laboratorio.  \r\n<img loading=\"lazy\" decoding=\"async\" class=\"aligncenter size-full wp-image-594\" src=\"https:\/\/foyovape.com\/wp-content\/uploads\/2025\/06\/8b11acc908cb75612ea2927248d1152-scaled.jpg\" alt=\"disposable-dab-pen\" width=\"2560\" height=\"1440\" srcset=\"https:\/\/foyovape.com\/wp-content\/uploads\/2025\/06\/8b11acc908cb75612ea2927248d1152-scaled.jpg 2560w, https:\/\/foyovape.com\/wp-content\/uploads\/2025\/06\/8b11acc908cb75612ea2927248d1152-711x400.jpg 711w, https:\/\/foyovape.com\/wp-content\/uploads\/2025\/06\/8b11acc908cb75612ea2927248d1152-1400x788.jpg 1400w, https:\/\/foyovape.com\/wp-content\/uploads\/2025\/06\/8b11acc908cb75612ea2927248d1152-768x432.jpg 768w, https:\/\/foyovape.com\/wp-content\/uploads\/2025\/06\/8b11acc908cb75612ea2927248d1152-1536x864.jpg 1536w, https:\/\/foyovape.com\/wp-content\/uploads\/2025\/06\/8b11acc908cb75612ea2927248d1152-2048x1152.jpg 2048w, https:\/\/foyovape.com\/wp-content\/uploads\/2025\/06\/8b11acc908cb75612ea2927248d1152-600x338.jpg 600w\" sizes=\"auto, (max-width: 2560px) 100vw, 2560px\" \/><img loading=\"lazy\" decoding=\"async\" class=\"aligncenter size-full wp-image-595\" src=\"https:\/\/foyovape.com\/wp-content\/uploads\/2025\/06\/ab360e6c24a83f0efe4e451a0954b4f1-scaled.jpg\" alt=\"disposable-dab-pen\" width=\"2560\" height=\"1440\" srcset=\"https:\/\/foyovape.com\/wp-content\/uploads\/2025\/06\/ab360e6c24a83f0efe4e451a0954b4f1-scaled.jpg 2560w, https:\/\/foyovape.com\/wp-content\/uploads\/2025\/06\/ab360e6c24a83f0efe4e451a0954b4f1-711x400.jpg 711w, https:\/\/foyovape.com\/wp-content\/uploads\/2025\/06\/ab360e6c24a83f0efe4e451a0954b4f1-1400x788.jpg 1400w, https:\/\/foyovape.com\/wp-content\/uploads\/2025\/06\/ab360e6c24a83f0efe4e451a0954b4f1-768x432.jpg 768w, https:\/\/foyovape.com\/wp-content\/uploads\/2025\/06\/ab360e6c24a83f0efe4e451a0954b4f1-1536x864.jpg 1536w, https:\/\/foyovape.com\/wp-content\/uploads\/2025\/06\/ab360e6c24a83f0efe4e451a0954b4f1-2048x1152.jpg 2048w, https:\/\/foyovape.com\/wp-content\/uploads\/2025\/06\/ab360e6c24a83f0efe4e451a0954b4f1-600x338.jpg 600w\" sizes=\"auto, (max-width: 2560px) 100vw, 2560px\" \/><\/pre>","protected":false},"excerpt":{"rendered":"<p>Disposable Dab Pen &#8211; Ceramic VeriMesh Technology: 20% Longer Coil Life, Zero Burnt Taste Discover the dab pen revolution! VeriMesh ceramic core delivers pure flavor in a disposable device. \u2605 3 voltage settings (2.4V-3.2V) \u2605 Visible oil tank \u2605 USB-C fast charging \u2605 350mAh battery. OEM custom branding available. Lab-certified safety.<\/p>","protected":false},"featured_media":602,"comment_status":"open","ping_status":"closed","template":"","meta":[],"product_brand":[],"product_cat":[15],"product_tag":[],"class_list":{"0":"post-590","1":"product","2":"type-product","3":"status-publish","4":"has-post-thumbnail","6":"product_cat-cbd-wax-dry-herb-vaporizers","8":"first","9":"instock","10":"shipping-taxable","11":"product-type-simple"},"_links":{"self":[{"href":"https:\/\/foyovape.com\/es\/wp-json\/wp\/v2\/product\/590","targetHints":{"allow":["GET"]}}],"collection":[{"href":"https:\/\/foyovape.com\/es\/wp-json\/wp\/v2\/product"}],"about":[{"href":"https:\/\/foyovape.com\/es\/wp-json\/wp\/v2\/types\/product"}],"replies":[{"embeddable":true,"href":"https:\/\/foyovape.com\/es\/wp-json\/wp\/v2\/comments?post=590"}],"wp:featuredmedia":[{"embeddable":true,"href":"https:\/\/foyovape.com\/es\/wp-json\/wp\/v2\/media\/602"}],"wp:attachment":[{"href":"https:\/\/foyovape.com\/es\/wp-json\/wp\/v2\/media?parent=590"}],"wp:term":[{"taxonomy":"product_brand","embeddable":true,"href":"https:\/\/foyovape.com\/es\/wp-json\/wp\/v2\/product_brand?post=590"},{"taxonomy":"product_cat","embeddable":true,"href":"https:\/\/foyovape.com\/es\/wp-json\/wp\/v2\/product_cat?post=590"},{"taxonomy":"product_tag","embeddable":true,"href":"https:\/\/foyovape.com\/es\/wp-json\/wp\/v2\/product_tag?post=590"}],"curies":[{"name":"wp","href":"https:\/\/api.w.org\/{rel}","templated":true}]}}