{"id":331,"date":"2025-02-25T06:33:52","date_gmt":"2025-02-25T06:33:52","guid":{"rendered":"https:\/\/foyovape.com\/?post_type=product&#038;p=331"},"modified":"2025-07-03T10:42:48","modified_gmt":"2025-07-03T10:42:48","slug":"510-battery","status":"publish","type":"product","link":"https:\/\/foyovape.com\/es\/producto\/510-battery\/","title":{"rendered":"Bater\u00eda 510 De 900mAh Para Compatibilidad Universal 510 (9.2MM-14.5MM \/ 2ML)"},"content":{"rendered":"<ol start=\"1\">\n<li>\n<p class=\"ds-markdown-paragraph\"><strong>Bater\u00eda 510 - Compatibilidad universal 510<\/strong><br \/>\n\u25b6 Se adapta a 99% de cartuchos: Funciona sin problemas con <strong>TODOS los carros de 14,5 mm y 9,2 mm de di\u00e1metro<\/strong> - no necesita adaptador.<\/p>\n<\/li>\n<li>\n<p class=\"ds-markdown-paragraph\"><strong>Control de voltaje de precisi\u00f3n para bater\u00eda 510<\/strong><br \/>\n\u25b6 Triple voltaje inteligente (2,8V\/3,4V\/3,8V) + <strong>1,85V Precalentamiento<\/strong>: Desbloquea el sabor perfecto para cualquier aceite de CBD, desde extractos espesos hasta delicados terpenos.<\/p>\n<\/li>\n<li>\n<p class=\"ds-markdown-paragraph\"><strong>Alta capacidad y doble activaci\u00f3n\u00a0<\/strong><br \/>\n\u25b6 <strong>Bater\u00eda de larga duraci\u00f3n de 900 mAh<\/strong>\u00a0+\u00a0<strong>Activaci\u00f3n 2 en 1<\/strong> (Dibujar o Bot\u00f3n): Tu compa\u00f1ero durante todo el d\u00eda para sesiones sin esfuerzo.<\/p>\n<\/li>\n<li>\n<p class=\"ds-markdown-paragraph\"><strong>Innovaci\u00f3n probada en flujo de aire<\/strong><br \/>\nIngenier\u00eda <strong>Sistema Turbo Airflow<\/strong>: M\u00e1s de 15.000 usuarios afirman que las caladas son m\u00e1s suaves y el vapor m\u00e1s intenso que con las pilas gen\u00e9ricas.<\/p>\n<\/li>\n<li>\n<p class=\"ds-markdown-paragraph\"><strong>Fiabilidad validada por el mercado<\/strong><br \/>\n\u25b6 <strong>M\u00e1s de 100.000 unidades vendidas<\/strong>: La mejor valorada por los distribuidores por sus pedidos constantes: la bater\u00eda perfecta para vapear CBD sin complicaciones.<img loading=\"lazy\" decoding=\"async\" class=\"aligncenter wp-image-337 size-full\" src=\"https:\/\/foyovape.com\/wp-content\/uploads\/2025\/02\/CA001-4-scaled.jpg\" alt=\"510 battery\" width=\"2560\" height=\"1920\" srcset=\"https:\/\/foyovape.com\/wp-content\/uploads\/2025\/02\/CA001-4-scaled.jpg 2560w, https:\/\/foyovape.com\/wp-content\/uploads\/2025\/02\/CA001-4-533x400.jpg 533w, https:\/\/foyovape.com\/wp-content\/uploads\/2025\/02\/CA001-4-1067x800.jpg 1067w, https:\/\/foyovape.com\/wp-content\/uploads\/2025\/02\/CA001-4-768x576.jpg 768w, https:\/\/foyovape.com\/wp-content\/uploads\/2025\/02\/CA001-4-1536x1152.jpg 1536w, https:\/\/foyovape.com\/wp-content\/uploads\/2025\/02\/CA001-4-2048x1536.jpg 2048w, https:\/\/foyovape.com\/wp-content\/uploads\/2025\/02\/CA001-4-600x450.jpg 600w\" sizes=\"auto, (max-width: 2560px) 100vw, 2560px\" \/><img loading=\"lazy\" decoding=\"async\" class=\"aligncenter wp-image-335 size-full\" src=\"https:\/\/foyovape.com\/wp-content\/uploads\/2025\/02\/CA001-2-scaled.jpg\" alt=\"510 battery\" width=\"2560\" height=\"1920\" srcset=\"https:\/\/foyovape.com\/wp-content\/uploads\/2025\/02\/CA001-2-scaled.jpg 2560w, https:\/\/foyovape.com\/wp-content\/uploads\/2025\/02\/CA001-2-533x400.jpg 533w, https:\/\/foyovape.com\/wp-content\/uploads\/2025\/02\/CA001-2-1067x800.jpg 1067w, https:\/\/foyovape.com\/wp-content\/uploads\/2025\/02\/CA001-2-768x576.jpg 768w, https:\/\/foyovape.com\/wp-content\/uploads\/2025\/02\/CA001-2-1536x1152.jpg 1536w, https:\/\/foyovape.com\/wp-content\/uploads\/2025\/02\/CA001-2-2048x1536.jpg 2048w, https:\/\/foyovape.com\/wp-content\/uploads\/2025\/02\/CA001-2-600x450.jpg 600w\" sizes=\"auto, (max-width: 2560px) 100vw, 2560px\" \/><\/p>\n<\/li>\n<\/ol>","protected":false},"excerpt":{"rendered":"<p>510 battery &#8211; Universal 510 Compatibility \u25b6 Fits 99% of cartridges: Seamlessly works with ALL 14.5mm &amp; 9.2mm diameter carts \u2013 no adapter needed. Precision Voltage Control For 510 battery \u25b6 Smart Triple Voltage (2.8V\/3.4V\/3.8V) + 1.85V Preheat: Unlock perfect flavor for any CBD oil, from thick extracts to delicate terpenes. High-Capacity &amp; Dual Activation\u00a0 [&#8230;]","protected":false},"featured_media":332,"comment_status":"open","ping_status":"closed","template":"","meta":[],"product_brand":[],"product_cat":[15],"product_tag":[],"class_list":{"0":"post-331","1":"product","2":"type-product","3":"status-publish","4":"has-post-thumbnail","6":"product_cat-cbd-wax-dry-herb-vaporizers","8":"first","9":"instock","10":"shipping-taxable","11":"product-type-simple"},"_links":{"self":[{"href":"https:\/\/foyovape.com\/es\/wp-json\/wp\/v2\/product\/331","targetHints":{"allow":["GET"]}}],"collection":[{"href":"https:\/\/foyovape.com\/es\/wp-json\/wp\/v2\/product"}],"about":[{"href":"https:\/\/foyovape.com\/es\/wp-json\/wp\/v2\/types\/product"}],"replies":[{"embeddable":true,"href":"https:\/\/foyovape.com\/es\/wp-json\/wp\/v2\/comments?post=331"}],"wp:featuredmedia":[{"embeddable":true,"href":"https:\/\/foyovape.com\/es\/wp-json\/wp\/v2\/media\/332"}],"wp:attachment":[{"href":"https:\/\/foyovape.com\/es\/wp-json\/wp\/v2\/media?parent=331"}],"wp:term":[{"taxonomy":"product_brand","embeddable":true,"href":"https:\/\/foyovape.com\/es\/wp-json\/wp\/v2\/product_brand?post=331"},{"taxonomy":"product_cat","embeddable":true,"href":"https:\/\/foyovape.com\/es\/wp-json\/wp\/v2\/product_cat?post=331"},{"taxonomy":"product_tag","embeddable":true,"href":"https:\/\/foyovape.com\/es\/wp-json\/wp\/v2\/product_tag?post=331"}],"curies":[{"name":"wp","href":"https:\/\/api.w.org\/{rel}","templated":true}]}}